{"id":15790,"date":"2017-03-31T11:07:10","date_gmt":"2017-03-31T11:07:10","guid":{"rendered":"https:\/\/kilikya.com.tr\/home\/"},"modified":"2018-09-27T17:58:57","modified_gmt":"2018-09-27T14:58:57","slug":"home","status":"publish","type":"page","link":"https:\/\/kilikya.com.tr\/en\/","title":{"rendered":"Home"},"content":{"rendered":"<div id=\"cmsmasters_row_x9orujnfkz\" class=\"cmsmasters_row cmsmasters_color_scheme_default cmsmasters_row_top_default cmsmasters_row_bot_default cmsmasters_row_fullwidth\">\n<div class=\"cmsmasters_row_outer_parent\">\n<div class=\"cmsmasters_row_outer\">\n<div class=\"cmsmasters_row_inner cmsmasters_row_fullwidth\">\n<div class=\"cmsmasters_row_margin\">\n<div id=\"cmsmasters_column_\" class=\"cmsmasters_column one_first\">\n<div class=\"cmsmasters_column_inner\">\n<div class=\"cmsmasters_slider\">\n\t\t\t<!-- START eng REVOLUTION SLIDER 6.7.14 --><p class=\"rs-p-wp-fix\"><\/p>\n\t\t\t<rs-module-wrap id=\"rev_slider_2_1_wrapper\" data-source=\"gallery\" style=\"visibility:hidden;background:transparent;padding:0;margin:0px auto;margin-top:0;margin-bottom:0;\">\n\t\t\t\t<rs-module id=\"rev_slider_2_1\" style=\"\" data-version=\"6.7.14\">\n\t\t\t\t\t<rs-slides style=\"overflow: hidden; position: absolute;\">\n\t\t\t\t\t\t<rs-slide style=\"position: absolute;\" data-key=\"rs-5\" data-title=\"Slide\" data-thumb=\"\/\/kilikya.com.tr\/wp-content\/uploads\/revslider\/ozellik\/salgam-slider-100x50.jpg\" data-anim=\"adpr:false;\">\n\t\t\t\t\t\t\t<img decoding=\"async\" src=\"\/\/kilikya.com.tr\/wp-content\/plugins\/revslider\/sr6\/assets\/assets\/dummy.png\" alt=\"\" title=\"Home\" class=\"rev-slidebg tp-rs-img rs-lazyload\" data-lazyload=\"\/\/kilikya.com.tr\/wp-content\/uploads\/revslider\/ozellik\/salgam-slider.jpg\" data-bg=\"p:center bottom;\" data-no-retina>\n<!--\n\t\t\t\t\t\t\t--><rs-layer\n\t\t\t\t\t\t\t\tid=\"slider-2-slide-5-layer-1\" \n\t\t\t\t\t\t\t\tdata-type=\"image\"\n\t\t\t\t\t\t\t\tdata-rsp_ch=\"on\"\n\t\t\t\t\t\t\t\tdata-xy=\"x:423px;y:b;yo:27px;\"\n\t\t\t\t\t\t\t\tdata-text=\"l:22;a:inherit;\"\n\t\t\t\t\t\t\t\tdata-dim=\"w:295;h:700px;\"\n\t\t\t\t\t\t\t\tdata-frame_0=\"y:50px;tp:600;\"\n\t\t\t\t\t\t\t\tdata-frame_1=\"tp:600;st:490;sp:1000;sR:490;\"\n\t\t\t\t\t\t\t\tdata-frame_999=\"o:0;tp:600;st:w;sR:7510;\"\n\t\t\t\t\t\t\t\tstyle=\"z-index:5;\"\n\t\t\t\t\t\t\t><img decoding=\"async\" src=\"\/\/kilikya.com.tr\/wp-content\/plugins\/revslider\/sr6\/assets\/assets\/dummy.png\" alt=\"\" class=\"tp-rs-img rs-lazyload\" width=\"340\" height=\"807\" data-lazyload=\"\/\/kilikya.com.tr\/wp-content\/uploads\/revslider\/ozellik\/salgam4.png\" data-no-retina> \n\t\t\t\t\t\t\t<\/rs-layer><!--\n\n\t\t\t\t\t\t\t--><rs-layer\n\t\t\t\t\t\t\t\tid=\"slider-2-slide-5-layer-2\" \n\t\t\t\t\t\t\t\tdata-type=\"image\"\n\t\t\t\t\t\t\t\tdata-rsp_ch=\"on\"\n\t\t\t\t\t\t\t\tdata-xy=\"x:682px;y:b;yo:18px;\"\n\t\t\t\t\t\t\t\tdata-text=\"l:22;a:inherit;\"\n\t\t\t\t\t\t\t\tdata-dim=\"w:245;h:480px;\"\n\t\t\t\t\t\t\t\tdata-frame_0=\"y:50px;tp:600;\"\n\t\t\t\t\t\t\t\tdata-frame_1=\"tp:600;st:1500;sp:1000;sR:1500;\"\n\t\t\t\t\t\t\t\tdata-frame_999=\"o:0;tp:600;st:w;sR:6500;\"\n\t\t\t\t\t\t\t\tstyle=\"z-index:6;\"\n\t\t\t\t\t\t\t><img decoding=\"async\" src=\"\/\/kilikya.com.tr\/wp-content\/plugins\/revslider\/sr6\/assets\/assets\/dummy.png\" alt=\"\" class=\"tp-rs-img rs-lazyload\" width=\"278\" height=\"545\" data-lazyload=\"\/\/kilikya.com.tr\/wp-content\/uploads\/revslider\/ozellik\/salgam1.png\" data-no-retina> \n\t\t\t\t\t\t\t<\/rs-layer><!--\n\n\t\t\t\t\t\t\t--><rs-layer\n\t\t\t\t\t\t\t\tid=\"slider-2-slide-5-layer-4\" \n\t\t\t\t\t\t\t\tdata-type=\"image\"\n\t\t\t\t\t\t\t\tdata-rsp_ch=\"on\"\n\t\t\t\t\t\t\t\tdata-xy=\"x:858px;y:b;yo:4px;\"\n\t\t\t\t\t\t\t\tdata-text=\"l:22;a:inherit;\"\n\t\t\t\t\t\t\t\tdata-dim=\"w:276;h:490px;\"\n\t\t\t\t\t\t\t\tdata-frame_0=\"y:bottom;o:1;tp:600;\"\n\t\t\t\t\t\t\t\tdata-frame_1=\"tp:600;st:2520;sp:1000;sR:2520;\"\n\t\t\t\t\t\t\t\tdata-frame_999=\"o:0;tp:600;st:w;sR:5480;\"\n\t\t\t\t\t\t\t\tstyle=\"z-index:7;\"\n\t\t\t\t\t\t\t><img decoding=\"async\" src=\"\/\/kilikya.com.tr\/wp-content\/plugins\/revslider\/sr6\/assets\/assets\/dummy.png\" alt=\"\" class=\"tp-rs-img rs-lazyload\" width=\"318\" height=\"565\" data-lazyload=\"\/\/kilikya.com.tr\/wp-content\/uploads\/revslider\/ozellik\/salgam2.png\" data-no-retina> \n\t\t\t\t\t\t\t<\/rs-layer><!--\n\n\t\t\t\t\t\t\t--><rs-layer\n\t\t\t\t\t\t\t\tid=\"slider-2-slide-5-layer-5\" \n\t\t\t\t\t\t\t\tdata-type=\"image\"\n\t\t\t\t\t\t\t\tdata-rsp_ch=\"on\"\n\t\t\t\t\t\t\t\tdata-xy=\"x:1097px;y:b;yo:41px;\"\n\t\t\t\t\t\t\t\tdata-text=\"l:22;a:inherit;\"\n\t\t\t\t\t\t\t\tdata-dim=\"w:315px;h:690px;\"\n\t\t\t\t\t\t\t\tdata-frame_0=\"y:50px;tp:600;\"\n\t\t\t\t\t\t\t\tdata-frame_1=\"tp:600;st:3500;sp:1000;sR:3500;\"\n\t\t\t\t\t\t\t\tdata-frame_999=\"o:0;tp:600;st:w;sR:4500;\"\n\t\t\t\t\t\t\t\tstyle=\"z-index:8;\"\n\t\t\t\t\t\t\t><img decoding=\"async\" src=\"\/\/kilikya.com.tr\/wp-content\/plugins\/revslider\/sr6\/assets\/assets\/dummy.png\" alt=\"\" class=\"tp-rs-img rs-lazyload\" data-lazyload=\"\/\/kilikya.com.tr\/wp-content\/uploads\/revslider\/ozellik\/salgam3.png\" data-no-retina> \n\t\t\t\t\t\t\t<\/rs-layer><!--\n-->\t\t\t\t\t<\/rs-slide>\n\t\t\t\t\t\t<rs-slide style=\"position: absolute;\" data-key=\"rs-6\" data-title=\"Slide\" data-thumb=\"\/\/kilikya.com.tr\/wp-content\/uploads\/revslider\/ozellik\/sirke-slider-100x50.jpg\" data-anim=\"adpr:false;\">\n\t\t\t\t\t\t\t<img decoding=\"async\" src=\"\/\/kilikya.com.tr\/wp-content\/plugins\/revslider\/sr6\/assets\/assets\/dummy.png\" alt=\"\" title=\"Home\" class=\"rev-slidebg tp-rs-img rs-lazyload\" data-lazyload=\"\/\/kilikya.com.tr\/wp-content\/uploads\/revslider\/ozellik\/sirke-slider.jpg\" data-no-retina>\n<!--\n\t\t\t\t\t\t\t--><rs-layer\n\t\t\t\t\t\t\t\tid=\"slider-2-slide-6-layer-1\" \n\t\t\t\t\t\t\t\tdata-type=\"image\"\n\t\t\t\t\t\t\t\tdata-rsp_ch=\"on\"\n\t\t\t\t\t\t\t\tdata-xy=\"x:407px;y:159px;\"\n\t\t\t\t\t\t\t\tdata-text=\"l:22;a:inherit;\"\n\t\t\t\t\t\t\t\tdata-dim=\"w:261px;h:713px;\"\n\t\t\t\t\t\t\t\tdata-frame_0=\"y:100%;tp:600;\"\n\t\t\t\t\t\t\t\tdata-frame_1=\"tp:600;e:power4.inOut;st:500;sp:290;sR:500;\"\n\t\t\t\t\t\t\t\tdata-frame_999=\"o:0;tp:600;st:w;sp:310;sR:8210;\"\n\t\t\t\t\t\t\t\tstyle=\"z-index:5;\"\n\t\t\t\t\t\t\t><img decoding=\"async\" src=\"\/\/kilikya.com.tr\/wp-content\/plugins\/revslider\/sr6\/assets\/assets\/dummy.png\" alt=\"\" class=\"tp-rs-img rs-lazyload\" width=\"261\" height=\"713\" data-lazyload=\"\/\/kilikya.com.tr\/wp-content\/uploads\/revslider\/ozellik\/sirke-balzamik.png\" data-no-retina> \n\t\t\t\t\t\t\t<\/rs-layer><!--\n\n\t\t\t\t\t\t\t--><rs-layer\n\t\t\t\t\t\t\t\tid=\"slider-2-slide-6-layer-2\" \n\t\t\t\t\t\t\t\tdata-type=\"image\"\n\t\t\t\t\t\t\t\tdata-rsp_ch=\"on\"\n\t\t\t\t\t\t\t\tdata-xy=\"x:625px;y:113px;\"\n\t\t\t\t\t\t\t\tdata-text=\"l:22;a:inherit;\"\n\t\t\t\t\t\t\t\tdata-dim=\"w:262px;h:734px;\"\n\t\t\t\t\t\t\t\tdata-frame_0=\"y:100%;tp:600;\"\n\t\t\t\t\t\t\t\tdata-frame_1=\"tp:600;e:power4.inOut;st:800;sp:310;sR:800;\"\n\t\t\t\t\t\t\t\tdata-frame_999=\"o:0;tp:600;st:w;sp:310;sR:7890;\"\n\t\t\t\t\t\t\t\tstyle=\"z-index:6;\"\n\t\t\t\t\t\t\t><img decoding=\"async\" src=\"\/\/kilikya.com.tr\/wp-content\/plugins\/revslider\/sr6\/assets\/assets\/dummy.png\" alt=\"\" class=\"tp-rs-img rs-lazyload\" width=\"262\" height=\"734\" data-lazyload=\"\/\/kilikya.com.tr\/wp-content\/uploads\/revslider\/ozellik\/sirke-nar.png\" data-no-retina> \n\t\t\t\t\t\t\t<\/rs-layer><!--\n\n\t\t\t\t\t\t\t--><rs-layer\n\t\t\t\t\t\t\t\tid=\"slider-2-slide-6-layer-3\" \n\t\t\t\t\t\t\t\tdata-type=\"image\"\n\t\t\t\t\t\t\t\tdata-rsp_ch=\"on\"\n\t\t\t\t\t\t\t\tdata-xy=\"x:849px;y:132px;\"\n\t\t\t\t\t\t\t\tdata-text=\"l:22;a:inherit;\"\n\t\t\t\t\t\t\t\tdata-dim=\"w:261;h:734;\"\n\t\t\t\t\t\t\t\tdata-frame_0=\"y:100%;tp:600;\"\n\t\t\t\t\t\t\t\tdata-frame_1=\"tp:600;e:power4.inOut;st:1100;sp:290;sR:1100;\"\n\t\t\t\t\t\t\t\tdata-frame_999=\"o:0;tp:600;st:w;sp:310;sR:7610;\"\n\t\t\t\t\t\t\t\tstyle=\"z-index:7;\"\n\t\t\t\t\t\t\t><img decoding=\"async\" src=\"\/\/kilikya.com.tr\/wp-content\/plugins\/revslider\/sr6\/assets\/assets\/dummy.png\" alt=\"\" class=\"tp-rs-img rs-lazyload\" width=\"261\" height=\"734\" data-lazyload=\"\/\/kilikya.com.tr\/wp-content\/uploads\/revslider\/ozellik\/sirke-uzum.png\" data-no-retina> \n\t\t\t\t\t\t\t<\/rs-layer><!--\n\n\t\t\t\t\t\t\t--><rs-layer\n\t\t\t\t\t\t\t\tid=\"slider-2-slide-6-layer-5\" \n\t\t\t\t\t\t\t\tdata-type=\"image\"\n\t\t\t\t\t\t\t\tdata-rsp_ch=\"on\"\n\t\t\t\t\t\t\t\tdata-xy=\"x:1097px;y:114px;\"\n\t\t\t\t\t\t\t\tdata-text=\"l:22;a:inherit;\"\n\t\t\t\t\t\t\t\tdata-dim=\"w:262px;h:734px;\"\n\t\t\t\t\t\t\t\tdata-frame_0=\"y:100%;tp:600;\"\n\t\t\t\t\t\t\t\tdata-frame_1=\"tp:600;e:power4.inOut;st:1400;sp:310;sR:1400;\"\n\t\t\t\t\t\t\t\tdata-frame_999=\"o:0;tp:600;st:w;sp:310;sR:7290;\"\n\t\t\t\t\t\t\t\tstyle=\"z-index:8;\"\n\t\t\t\t\t\t\t><img decoding=\"async\" src=\"\/\/kilikya.com.tr\/wp-content\/plugins\/revslider\/sr6\/assets\/assets\/dummy.png\" alt=\"\" class=\"tp-rs-img rs-lazyload\" width=\"262\" height=\"762\" data-lazyload=\"\/\/kilikya.com.tr\/wp-content\/uploads\/revslider\/ozellik\/sirke-elma.png\" data-no-retina> \n\t\t\t\t\t\t\t<\/rs-layer><!--\n-->\t\t\t\t\t<\/rs-slide>\n\t\t\t\t\t<\/rs-slides>\n\t\t\t\t<\/rs-module>\n\t\t\t\t<script>\n\t\t\t\t\tsetREVStartSize({c: 'rev_slider_2_1',rl:[1240,1024,778,480],el:[],gw:[1920],gh:[900],type:'standard',justify:'',layout:'fullwidth',mh:\"0\"});if (window.RS_MODULES!==undefined && window.RS_MODULES.modules!==undefined && window.RS_MODULES.modules[\"revslider21\"]!==undefined) {window.RS_MODULES.modules[\"revslider21\"].once = false;window.revapi2 = undefined;if (window.RS_MODULES.checkMinimal!==undefined) window.RS_MODULES.checkMinimal()}\n\t\t\t\t<\/script>\n\t\t\t<\/rs-module-wrap>\n\t\t\t<!-- END REVOLUTION SLIDER -->\n<\/div>\n<\/div><\/div>\n<\/div>\n<\/div>\n<\/div>\n<\/div>\n<\/div>\n<div id=\"cmsmasters_row_rg7kbcovfo\" class=\"cmsmasters_row cmsmasters_color_scheme_default cmsmasters_row_top_default cmsmasters_row_bot_default cmsmasters_row_boxed\">\n<div class=\"cmsmasters_row_outer_parent\">\n<div class=\"cmsmasters_row_outer\">\n<div class=\"cmsmasters_row_inner\">\n<div class=\"cmsmasters_row_margin\">\n<div id=\"cmsmasters_column_v490kbt1lm\" class=\"cmsmasters_column one_half\">\n<div class=\"cmsmasters_column_inner\"><div class=\"aligncenter\"><div class=\"cmsmasters_img  cmsmasters_image_c\" data-animation=\"fadeIn\" data-delay=\"0\"><img decoding=\"async\" src=\"https:\/\/kilikya.com.tr\/wp-content\/uploads\/2018\/08\/organik-salgam-1.png\" \/><\/div><\/div>\n<\/div><\/div>\n<div id=\"cmsmasters_column_zddl3cm80s\" class=\"cmsmasters_column one_half\">\n<div class=\"cmsmasters_column_inner\"><div class=\"cmsmasters_text\">\n<h2 style=\"font-size: 64px; line-height: 72px; color: #ffffff;\">Organic Turnip<\/h2>\n<p style=\"font-size: 18px; line-height: 24px; color: #ffffff;\">Kilikya Organic Turnip; according to the organic farming only Ere\u011fli in Turkey are produced from black carrots grown in the province. The effect of black carrot size used in turnip production on turnip quality.<\/p>\n<div id=\"cmsmasters_button_v3r4cad6cc\" class=\"button_wrap\"><a href=\"https:\/\/kilikya.com.tr\/en\/urunler\/kilikya-organic-turnip\/\" class=\"cmsmasters_button\"><span>View Products<\/span><\/a><\/div>\n<\/div>\n<\/div><\/div>\n<\/div>\n<\/div>\n<\/div>\n<\/div>\n<\/div>\n<div id=\"cmsmasters_row_mi3ly2v5oe\" class=\"cmsmasters_row cmsmasters_color_scheme_default cmsmasters_row_top_default cmsmasters_row_bot_default cmsmasters_row_boxed\">\n<div class=\"cmsmasters_row_outer_parent\">\n<div class=\"cmsmasters_row_outer\">\n<div class=\"cmsmasters_row_inner\">\n<div class=\"cmsmasters_row_margin\">\n<div id=\"cmsmasters_column_98y7fkbp3\" class=\"cmsmasters_column one_half\">\n<div class=\"cmsmasters_column_inner\"><div class=\"cmsmasters_text\">\n<h2 style=\"font-size: 64px; line-height: 72px; color: #ffffff;\">Turnip<\/h2>\n<p style=\"font-size: 18px; line-height: 24px; color: #ffffff;\">Kilikya Turnips offer a wonderful drink experience created by black carrots. Turnip, black carrot, bulgur, water combination with a three-stage fermentation process obtained in a unique drink.<\/p>\n<div id=\"cmsmasters_button_qk2ue4ht5\" class=\"button_wrap\"><a href=\"https:\/\/kilikya.com.tr\/en\/urunler\/kilikya-turnip\/\" class=\"cmsmasters_button\"><span>View Products<\/span><\/a><\/div>\n<\/div>\n<\/div><\/div>\n<div id=\"cmsmasters_column_swpervkc7\" class=\"cmsmasters_column one_half\">\n<div class=\"cmsmasters_column_inner\"><div class=\"aligncenter\"><div class=\"cmsmasters_img  cmsmasters_image_c\" data-animation=\"fadeIn\" data-delay=\"0\"><img decoding=\"async\" src=\"https:\/\/kilikya.com.tr\/wp-content\/uploads\/2018\/07\/salgam.png\" \/><\/div><\/div>\n<\/div><\/div>\n<\/div>\n<\/div>\n<\/div>\n<\/div>\n<\/div>\n<div id=\"cmsmasters_row_f20ypqnofg\" class=\"cmsmasters_row cmsmasters_color_scheme_default cmsmasters_row_top_default cmsmasters_row_bot_default cmsmasters_row_boxed\">\n<div class=\"cmsmasters_row_outer_parent\">\n<div class=\"cmsmasters_row_outer\">\n<div class=\"cmsmasters_row_inner\">\n<div class=\"cmsmasters_row_margin\">\n<div id=\"cmsmasters_column_ayhui5s73n\" class=\"cmsmasters_column one_half\">\n<div class=\"cmsmasters_column_inner\"><div class=\"cmsmasters_img  cmsmasters_image_n\" data-animation=\"fadeIn\" data-delay=\"0\"><img decoding=\"async\" src=\"https:\/\/kilikya.com.tr\/wp-content\/uploads\/2018\/08\/Kilikya-Sirke-uzum.png\" \/><\/div>\n<\/div><\/div>\n<div id=\"cmsmasters_column_fuqec6rakp\" class=\"cmsmasters_column one_half\">\n<div class=\"cmsmasters_column_inner\"><div class=\"cmsmasters_text\">\n<h2 style=\"font-size: 64px; line-height: 72px; color: #ffffff;\">Grape Vinegar<\/h2>\n<p style=\"font-size: 18px; line-height: 24px; color: #ffffff;\">Kilikya Grape Vinegar is an indispensable food for health with innumerable benefits that give a taste to salads and pickles. It has high antioxidant content.<\/p>\n<div id=\"cmsmasters_button_58op8cjcy\" class=\"button_wrap\"><a href=\"https:\/\/kilikya.com.tr\/en\/urunler\/kilikya-grape-vinegar\/\" class=\"cmsmasters_button\"><span>View Products<\/span><\/a><\/div>\n<\/div>\n<\/div><\/div>\n<\/div>\n<\/div>\n<\/div>\n<\/div>\n<\/div>\n<div id=\"cmsmasters_row_50863ndb4c\" class=\"cmsmasters_row cmsmasters_color_scheme_default cmsmasters_row_top_default cmsmasters_row_bot_default cmsmasters_row_boxed\">\n<div class=\"cmsmasters_row_outer_parent\">\n<div class=\"cmsmasters_row_outer\">\n<div class=\"cmsmasters_row_inner\">\n<div class=\"cmsmasters_row_margin\">\n<div id=\"cmsmasters_column_t3491l2c42\" class=\"cmsmasters_column one_half\">\n<div class=\"cmsmasters_column_inner\"><div class=\"cmsmasters_text\">\n<h2 style=\"font-size: 64px; line-height: 72px; color: #ffffff;\">%100 <span style=\"font-size: 42px; line-height: 48px;\">Pomegranate<\/span> Sour<\/h2>\n<p style=\"font-size: 18px; line-height: 24px; color: #ffffff;\">Kilikya Pomegranate Sour is preferred because of its taste and intense consistency of pomegranate sauce which adds flavor to Turkish cuisine. Pomegranate juice can be used in barren, raw meatballs, mushrooms, grapes and whole salads.<\/p>\n<div id=\"cmsmasters_button_kmmr2gwknk\" class=\"button_wrap\"><a href=\"https:\/\/kilikya.com.tr\/en\/urunler\/kilikya-100-pomegranate\/\" class=\"cmsmasters_button\"><span>View Products<\/span><\/a><\/div>\n<\/div>\n<\/div><\/div>\n<div id=\"cmsmasters_column_3b6omu9cmv\" class=\"cmsmasters_column one_half\">\n<div class=\"cmsmasters_column_inner\"><div class=\"cmsmasters_img  cmsmasters_image_n\" data-animation=\"fadeIn\" data-delay=\"0\"><img decoding=\"async\" src=\"https:\/\/kilikya.com.tr\/wp-content\/uploads\/2018\/08\/nar-eksisi-min.png\" \/><\/div>\n<\/div><\/div>\n<\/div>\n<\/div>\n<\/div>\n<\/div>\n<\/div>\n<div id=\"cmsmasters_row_znv121gnom\" class=\"cmsmasters_row cmsmasters_color_scheme_default cmsmasters_row_top_default cmsmasters_row_bot_default cmsmasters_row_fullwidth\">\n<div class=\"cmsmasters_row_outer_parent\">\n<div class=\"cmsmasters_row_outer\">\n<div class=\"cmsmasters_row_inner cmsmasters_row_fullwidth\">\n<div class=\"cmsmasters_row_margin\">\n<div id=\"cmsmasters_column_3r7nzl1aub\" class=\"cmsmasters_column one_first\">\n<div class=\"cmsmasters_column_inner\"><div class=\"cmsmasters_text\">\n<h2 style=\"font-size: 48px; line-height: 64px; color: #ff0000;\">News from Kilikya<\/h2>\n<\/div>\n<div class=\"cmsmasters_posts_slider cmsmasters_posts_slider_type_post\" >\r\n\t\t<div id=\"cmsmasters_slider_9v7pbkqi7\" class=\"cmsmasters_owl_slider owl-carousel\" data-items=\"4\" data-single-item=\"false\" data-auto-play=\"5000\"><div class=\"cmsmasters_owl_slider_item\"><!-- Start Posts Slider Post Article -->\r\n<article id=\"post-16569\" class=\"cmsmasters_slider_post post-16569 post type-post status-publish format-standard has-post-thumbnail hentry category-uncategorized tag-kilikya-salgam-2 tag-tuyap tag-worldfood-2\">\r\n\t<div class=\"cmsmasters_slider_post_outer\">\r\n\t<figure class=\"cmsmasters_img_rollover_wrap preloader\"><img loading=\"lazy\" decoding=\"async\" width=\"580\" height=\"380\" src=\"https:\/\/kilikya.com.tr\/wp-content\/uploads\/2022\/09\/WhatsApp-Image-2022-09-02-at-09.41.26-580x380.jpeg\" class=\"full-width wp-post-image\" alt=\"Kilikya \u015ealgam Wordfood \u0130stanbul Fuar\u0131nda !\" title=\"Kilikya \u015ealgam Wordfood \u0130stanbul Fuar\u0131nda !\" \/><div class=\"cmsmasters_img_rollover\"><\/div><\/figure><div class=\"cmsmasters_slider_post_inner\"><header class=\"cmsmasters_slider_post_header entry-header\"><h3 class=\"cmsmasters_slider_post_title entry-title\"><a href=\"https:\/\/kilikya.com.tr\/en\/kilikya-salgam-wordfood-istanbul-fuarinda\/\">Kilikya \u015ealgam Wordfood \u0130stanbul Fuar\u0131nda !<\/a><\/h3><\/header><div class=\"cmsmasters_slider_post_content entry-content\">\n<p>1-4 Eyl\u00fcl 2022 tarihinde T\u00fcyap Fuar Merkezinde ger\u00e7ekle\u015ftirilecek\u00a0 WorldFood \u0130stanbul Fuar\u0131nda yerini alan Kilikya \u015ealgam \u00a0yeni \u00fcr\u00fcn \u00e7e\u015fitlerini g\u0131da d\u00fcnyas\u0131na...<\/p>\n<\/div>\n<\/div>\t<\/div>\r\n<\/article>\r\n<!-- Finish Posts Slider Post Article -->\r\n\r\n<\/div><div class=\"cmsmasters_owl_slider_item\"><!-- Start Posts Slider Post Article -->\r\n<article id=\"post-15913\" class=\"cmsmasters_slider_post post-15913 post type-post status-publish format-standard has-post-thumbnail hentry category-kilikya-en category-uncategorized\">\r\n\t<div class=\"cmsmasters_slider_post_outer\">\r\n\t<figure class=\"cmsmasters_img_rollover_wrap preloader\"><img loading=\"lazy\" decoding=\"async\" width=\"580\" height=\"380\" src=\"https:\/\/kilikya.com.tr\/wp-content\/uploads\/2018\/11\/kilikya-beyrut-cooking-festivalindeydi-1-580x380.jpg\" class=\"full-width wp-post-image\" alt=\"Kilikya, Beyrut Cooking Festivalindeydi\" title=\"Kilikya, Beyrut Cooking Festivalindeydi\" srcset=\"https:\/\/kilikya.com.tr\/wp-content\/uploads\/2018\/11\/kilikya-beyrut-cooking-festivalindeydi-1-580x380.jpg 580w, https:\/\/kilikya.com.tr\/wp-content\/uploads\/2018\/11\/kilikya-beyrut-cooking-festivalindeydi-1-500x329.jpg 500w, https:\/\/kilikya.com.tr\/wp-content\/uploads\/2018\/11\/kilikya-beyrut-cooking-festivalindeydi-1-768x505.jpg 768w\" sizes=\"(max-width: 580px) 100vw, 580px\" \/><div class=\"cmsmasters_img_rollover\"><\/div><\/figure><div class=\"cmsmasters_slider_post_inner\"><header class=\"cmsmasters_slider_post_header entry-header\"><h3 class=\"cmsmasters_slider_post_title entry-title\"><a href=\"https:\/\/kilikya.com.tr\/en\/kilikya-beyrut-cooking-festivalindeydi\/\">Kilikya, Beyrut Cooking Festivalindeydi<\/a><\/h3><\/header><div class=\"cmsmasters_slider_post_content entry-content\">\n<p>Kilikya yemek, i\u00e7ecek ve mutfak\u00a0ekipmanlar\u0131n\u0131n\u00a0en iyilerini ve en yeni trendlerini yans\u0131tan\u00a08.\u00a0Beyrut\u00a0Cooking\u00a0Festivalinden\u00a0memnun\u00a0ayr\u0131ld\u0131.\u00a0 Kilikya,\u00a0Beyrut\u00a0Cooking\u00a0Festivaline\u00a0\u00a0AK\u0130B\u00a0Akdeniz \u0130hracat\u00e7\u0131lar Birli\u011fi ve\u00a0 Adana B\u00fcy\u00fck\u015fehir Belediyesi organizasyonunda\u00a0 L\u00fcbnan...<\/p>\n<\/div>\n<\/div>\t<\/div>\r\n<\/article>\r\n<!-- Finish Posts Slider Post Article -->\r\n\r\n<\/div><div class=\"cmsmasters_owl_slider_item\"><!-- Start Posts Slider Post Article -->\r\n<article id=\"post-15758\" class=\"cmsmasters_slider_post post-15758 post type-post status-publish format-standard has-post-thumbnail hentry category-kilikya-en\">\r\n\t<div class=\"cmsmasters_slider_post_outer\">\r\n\t<figure class=\"cmsmasters_img_rollover_wrap preloader\"><img loading=\"lazy\" decoding=\"async\" width=\"580\" height=\"380\" src=\"https:\/\/kilikya.com.tr\/wp-content\/uploads\/2018\/07\/tuketici-odulu-580x380.jpg\" class=\"full-width wp-post-image\" alt=\"Kilikya, Alt\u0131n Marka T\u00fcketici \u00d6d\u00fcl\u00fcn\u00fc Ald\u0131 ve T\u00fcm T\u00fcketicilere Tavsiye Edilen Marka se\u00e7ildi\" title=\"Kilikya, Alt\u0131n Marka T\u00fcketici \u00d6d\u00fcl\u00fcn\u00fc Ald\u0131 ve T\u00fcm T\u00fcketicilere Tavsiye Edilen Marka se\u00e7ildi\" \/><div class=\"cmsmasters_img_rollover\"><\/div><\/figure><div class=\"cmsmasters_slider_post_inner\"><header class=\"cmsmasters_slider_post_header entry-header\"><h3 class=\"cmsmasters_slider_post_title entry-title\"><a href=\"https:\/\/kilikya.com.tr\/en\/kilikya-altin-marka-tuketici-odulunu-aldi-ve-tum-tuketicilere-tavsiye-edilen-marka-secildi\/\">Kilikya, Alt\u0131n Marka T\u00fcketici \u00d6d\u00fcl\u00fcn\u00fc Ald\u0131 ve T\u00fcm T\u00fcketicilere Tavsiye Edilen Marka se\u00e7ildi<\/a><\/h3><\/header><div class=\"cmsmasters_slider_post_content entry-content\">\n<p>Kilikya, en az \u015fik\u00e2yet alan ya da hi\u00e7 almayan markalar\u0131n belirlenmesiyle yap\u0131lan de\u011ferlendirme sonucunda \u201cen az \u015fik\u00e2yet alan marka\u201d olarak...<\/p>\n<\/div>\n<\/div>\t<\/div>\r\n<\/article>\r\n<!-- Finish Posts Slider Post Article -->\r\n\r\n<\/div><div class=\"cmsmasters_owl_slider_item\"><!-- Start Posts Slider Post Article -->\r\n<article id=\"post-15768\" class=\"cmsmasters_slider_post post-15768 post type-post status-publish format-standard has-post-thumbnail hentry category-kilikya-en\">\r\n\t<div class=\"cmsmasters_slider_post_outer\">\r\n\t<figure class=\"cmsmasters_img_rollover_wrap preloader\"><img loading=\"lazy\" decoding=\"async\" width=\"580\" height=\"380\" src=\"https:\/\/kilikya.com.tr\/wp-content\/uploads\/2018\/07\/kilikya-salgam-japonya-da-gida-alicilariyla-11060254_633_o-1-580x380.jpg\" class=\"full-width wp-post-image\" alt=\"Japonya\u2019da  G\u0131da Al\u0131c\u0131lar\u0131yla Bulu\u015ftuk\" title=\"Japonya\u2019da  G\u0131da Al\u0131c\u0131lar\u0131yla Bulu\u015ftuk\" \/><div class=\"cmsmasters_img_rollover\"><\/div><\/figure><div class=\"cmsmasters_slider_post_inner\"><header class=\"cmsmasters_slider_post_header entry-header\"><h3 class=\"cmsmasters_slider_post_title entry-title\"><a href=\"https:\/\/kilikya.com.tr\/en\/japonyada-gida-alicilariyla-bulustuk\/\">Japonya\u2019da  G\u0131da Al\u0131c\u0131lar\u0131yla Bulu\u015ftuk<\/a><\/h3><\/header><div class=\"cmsmasters_slider_post_content entry-content\">\n<p>Kilikya \u015ealgam, D\u00fcnyan\u0131n en b\u00fcy\u00fck 3. ekonomisine sahip Japonya&#8217;ya ger\u00e7ekle\u015ftirilen G\u0131da Ticaret Heyeti gezisinde Japonya&#8217;daki al\u0131c\u0131larla bir araya gelerek i\u015f...<\/p>\n<\/div>\n<\/div>\t<\/div>\r\n<\/article>\r\n<!-- Finish Posts Slider Post Article -->\r\n\r\n<\/div><div class=\"cmsmasters_owl_slider_item\"><!-- Start Posts Slider Post Article -->\r\n<article id=\"post-15771\" class=\"cmsmasters_slider_post post-15771 post type-post status-publish format-standard has-post-thumbnail hentry category-kilikya-en\">\r\n\t<div class=\"cmsmasters_slider_post_outer\">\r\n\t<figure class=\"cmsmasters_img_rollover_wrap preloader\"><img loading=\"lazy\" decoding=\"async\" width=\"580\" height=\"380\" src=\"https:\/\/kilikya.com.tr\/wp-content\/uploads\/2018\/07\/sial-580x380.jpg\" class=\"full-width wp-post-image\" alt=\"Fransa Paris SIAL Fuar\u0131nday\u0131z\" title=\"Fransa Paris SIAL Fuar\u0131nday\u0131z\" \/><div class=\"cmsmasters_img_rollover\"><\/div><\/figure><div class=\"cmsmasters_slider_post_inner\"><header class=\"cmsmasters_slider_post_header entry-header\"><h3 class=\"cmsmasters_slider_post_title entry-title\"><a href=\"https:\/\/kilikya.com.tr\/en\/fransa-paris-sial-fuarindayiz\/\">Fransa Paris SIAL Fuar\u0131nday\u0131z<\/a><\/h3><\/header><div class=\"cmsmasters_slider_post_content entry-content\">\n<p>Kilikya \u015ealgam, D\u00fcnyan\u0131n en prestijli g\u0131da fuarlar\u0131ndan biri olan SIAL\u2019de, \u00fcr\u00fcnlerini t\u00fcm d\u00fcnyadan gelecek g\u0131da profesyonellerine tan\u0131tmak i\u00e7in haz\u0131r. 30...<\/p>\n<\/div>\n<\/div>\t<\/div>\r\n<\/article>\r\n<!-- Finish Posts Slider Post Article -->\r\n\r\n<\/div><div class=\"cmsmasters_owl_slider_item\"><!-- Start Posts Slider Post Article -->\r\n<article id=\"post-15774\" class=\"cmsmasters_slider_post post-15774 post type-post status-publish format-standard has-post-thumbnail hentry category-kilikya-en\">\r\n\t<div class=\"cmsmasters_slider_post_outer\">\r\n\t<figure class=\"cmsmasters_img_rollover_wrap preloader\"><img loading=\"lazy\" decoding=\"async\" width=\"580\" height=\"380\" src=\"https:\/\/kilikya.com.tr\/wp-content\/uploads\/2018\/07\/fuar-davetiye-580x380.jpg\" class=\"full-width wp-post-image\" alt=\"Kilikya, CNR Food \u0130stanbul Fuar\u0131nda\" title=\"Kilikya, CNR Food \u0130stanbul Fuar\u0131nda\" \/><div class=\"cmsmasters_img_rollover\"><\/div><\/figure><div class=\"cmsmasters_slider_post_inner\"><header class=\"cmsmasters_slider_post_header entry-header\"><h3 class=\"cmsmasters_slider_post_title entry-title\"><a href=\"https:\/\/kilikya.com.tr\/en\/kilikya-cnr-food-istanbul-fuarinda\/\">Kilikya, CNR Food \u0130stanbul Fuar\u0131nda<\/a><\/h3><\/header><div class=\"cmsmasters_slider_post_content entry-content\">\n<p>Kilikya , yenilen logosu ve \u015f\u0131k ambalajlar\u0131 ile T\u00fcrk g\u0131da sekt\u00f6r\u00fcn\u00fcn \u00f6nemli bulu\u015fma noktas\u0131 CNR Food Istanbul G\u0131da Fuar\u0131na haz\u0131r....<\/p>\n<\/div>\n<\/div>\t<\/div>\r\n<\/article>\r\n<!-- Finish Posts Slider Post Article -->\r\n\r\n<\/div><\/div><\/div>\n<div id=\"cmsmasters_divider_9bxiszj7jl\" class=\"cmsmasters_divider cmsmasters_divider_width_long cmsmasters_divider_pos_center\"><\/div>\n<\/div><\/div>\n<\/div>\n<\/div>\n<\/div>\n<\/div>\n<\/div>\n\n","protected":false},"excerpt":{"rendered":"","protected":false},"author":2,"featured_media":0,"parent":0,"menu_order":0,"comment_status":"closed","ping_status":"closed","template":"","meta":{"footnotes":""},"aioseo_notices":[],"_links":{"self":[{"href":"https:\/\/kilikya.com.tr\/en\/wp-json\/wp\/v2\/pages\/15790"}],"collection":[{"href":"https:\/\/kilikya.com.tr\/en\/wp-json\/wp\/v2\/pages"}],"about":[{"href":"https:\/\/kilikya.com.tr\/en\/wp-json\/wp\/v2\/types\/page"}],"author":[{"embeddable":true,"href":"https:\/\/kilikya.com.tr\/en\/wp-json\/wp\/v2\/users\/2"}],"replies":[{"embeddable":true,"href":"https:\/\/kilikya.com.tr\/en\/wp-json\/wp\/v2\/comments?post=15790"}],"version-history":[{"count":0,"href":"https:\/\/kilikya.com.tr\/en\/wp-json\/wp\/v2\/pages\/15790\/revisions"}],"wp:attachment":[{"href":"https:\/\/kilikya.com.tr\/en\/wp-json\/wp\/v2\/media?parent=15790"}],"curies":[{"name":"wp","href":"https:\/\/api.w.org\/{rel}","templated":true}]}}