{"id":15603,"date":"2018-07-20T13:37:08","date_gmt":"2018-07-20T10:37:08","guid":{"rendered":"https:\/\/kilikya.com.tr\/basinda-kilikya\/"},"modified":"2018-09-14T11:32:03","modified_gmt":"2018-09-14T08:32:03","slug":"press-room","status":"publish","type":"page","link":"https:\/\/kilikya.com.tr\/en\/press-room\/","title":{"rendered":"Press room"},"content":{"rendered":"<div id=\"cmsmasters_row_qc0nu0yo8\" class=\"cmsmasters_row cmsmasters_color_scheme_default cmsmasters_row_top_default cmsmasters_row_bot_default cmsmasters_row_boxed\">\n<div class=\"cmsmasters_row_outer_parent\">\n<div class=\"cmsmasters_row_outer\">\n<div class=\"cmsmasters_row_inner\">\n<div class=\"cmsmasters_row_margin\">\n<div id=\"cmsmasters_column_5kn2gbxvwi\" class=\"cmsmasters_column one_first\">\n<div class=\"cmsmasters_column_inner\"><div class=\"cmsmasters_text\">\n<ul>\n<li><a href=\"https:\/\/kilikya.com.tr\/wp-content\/uploads\/2018\/07\/basinda-kilikya-01.jpg\" rel=\"ilightbox&#091;basin&#093;\">Kilikya \u015ealgam D\u00fcnya Sofras\u0131nda<\/a><\/li>\n<li><a href=\"https:\/\/kilikya.com.tr\/wp-content\/uploads\/2018\/07\/basinda-kilikya-02.jpg\" rel=\"ilightbox&#091;basin&#093;\">Adana&#8217;n\u0131n y\u00f6resel lezzetleri Japonya&#8217;da<\/a><\/li>\n<li><a href=\"https:\/\/kilikya.com.tr\/wp-content\/uploads\/2018\/07\/basinda-kilikya-03.jpg\" rel=\"ilightbox&#091;basin&#093;\">Adana&#8217;n\u0131n y\u00f6resel lezzetleri Japonya&#8217;da<\/a><\/li>\n<li><a href=\"https:\/\/kilikya.com.tr\/wp-content\/uploads\/2018\/07\/kilikya-haber-posta.jpg\" rel=\"ilightbox&#091;basin&#093;\">Kilikya \u015falgam lezzeti japonya sofralar\u0131nda<\/a><\/li>\n<\/ul>\n<\/div>\n<\/div><\/div>\n<\/div>\n<\/div>\n<\/div>\n<\/div>\n<\/div>\n\n","protected":false},"excerpt":{"rendered":"","protected":false},"author":2,"featured_media":0,"parent":0,"menu_order":0,"comment_status":"closed","ping_status":"open","template":"","meta":{"footnotes":""},"aioseo_notices":[],"_links":{"self":[{"href":"https:\/\/kilikya.com.tr\/en\/wp-json\/wp\/v2\/pages\/15603"}],"collection":[{"href":"https:\/\/kilikya.com.tr\/en\/wp-json\/wp\/v2\/pages"}],"about":[{"href":"https:\/\/kilikya.com.tr\/en\/wp-json\/wp\/v2\/types\/page"}],"author":[{"embeddable":true,"href":"https:\/\/kilikya.com.tr\/en\/wp-json\/wp\/v2\/users\/2"}],"replies":[{"embeddable":true,"href":"https:\/\/kilikya.com.tr\/en\/wp-json\/wp\/v2\/comments?post=15603"}],"version-history":[{"count":0,"href":"https:\/\/kilikya.com.tr\/en\/wp-json\/wp\/v2\/pages\/15603\/revisions"}],"wp:attachment":[{"href":"https:\/\/kilikya.com.tr\/en\/wp-json\/wp\/v2\/media?parent=15603"}],"curies":[{"name":"wp","href":"https:\/\/api.w.org\/{rel}","templated":true}]}}