{"id":15600,"date":"2018-07-20T13:41:12","date_gmt":"2018-07-20T10:41:12","guid":{"rendered":"https:\/\/kilikya.com.tr\/haberler\/"},"modified":"2018-09-14T11:29:04","modified_gmt":"2018-09-14T08:29:04","slug":"news","status":"publish","type":"page","link":"https:\/\/kilikya.com.tr\/en\/news\/","title":{"rendered":"News"},"content":{"rendered":"<div id=\"cmsmasters_row_5obfy1kxsl\" class=\"cmsmasters_row cmsmasters_color_scheme_default cmsmasters_row_top_default cmsmasters_row_bot_default cmsmasters_row_boxed\">\n<div class=\"cmsmasters_row_outer_parent\">\n<div class=\"cmsmasters_row_outer\">\n<div class=\"cmsmasters_row_inner\">\n<div class=\"cmsmasters_row_margin\">\n<div id=\"cmsmasters_column_f5vepk26i\" class=\"cmsmasters_column one_first\">\n<div class=\"cmsmasters_column_inner\">\n<div id=\"blog_pnpxe2rx0m\" class=\"cmsmasters_wrap_blog entry-summary\" data-layout=\"timeline\" data-layout-mode=\"\" data-url=\"https:\/\/kilikya.com.tr\/wp-content\/plugins\/cmsmasters-content-composer\/\" data-orderby=\"date\" data-order=\"DESC\" data-count=\"12\" data-categories=\"\" data-metadata=\"likes\" data-pagination=\"pagination\"><div class=\"blog timeline\"><!-- Start Post Timeline Article -->\r\n<article id=\"post-16569\" class=\"cmsmasters_post_timeline post-16569 post type-post status-publish format-standard has-post-thumbnail hentry category-uncategorized tag-kilikya-salgam-2 tag-tuyap tag-worldfood-2\">\r\n\t<div class=\"cmsmasters_timeline_margin\">\r\n\t\t<div class=\"cmsmasters_post_cont\">\r\n\t\t<figure class=\"cmsmasters_img_wrap\"><a href=\"https:\/\/kilikya.com.tr\/en\/kilikya-salgam-wordfood-istanbul-fuarinda\/\" title=\"Kilikya \u015ealgam Wordfood \u0130stanbul Fuar\u0131nda !\" class=\"cmsmasters_img_link preloader\"><img loading=\"lazy\" decoding=\"async\" width=\"860\" height=\"570\" src=\"https:\/\/kilikya.com.tr\/wp-content\/uploads\/2022\/09\/WhatsApp-Image-2022-09-02-at-09.41.26-860x570.jpeg\" class=\"full-width wp-post-image\" alt=\"Kilikya \u015ealgam Wordfood \u0130stanbul Fuar\u0131nda !\" title=\"Kilikya \u015ealgam Wordfood \u0130stanbul Fuar\u0131nda !\" \/><\/a><\/figure>\t\t\t<div class=\"cmsmasters_post_cont_inner\">\r\n\t\t\t\t<header class=\"cmsmasters_post_header entry-header\"><h3 class=\"cmsmasters_post_title entry-title\"><a href=\"https:\/\/kilikya.com.tr\/en\/kilikya-salgam-wordfood-istanbul-fuarinda\/\">Kilikya \u015ealgam Wordfood \u0130stanbul Fuar\u0131nda !<\/a><\/h3><\/header><div class=\"cmsmasters_post_content entry-content\">\n<p>1-4 Eyl\u00fcl 2022 tarihinde T\u00fcyap Fuar Merkezinde ger\u00e7ekle\u015ftirilecek\u00a0 WorldFood \u0130stanbul Fuar\u0131nda yerini alan Kilikya \u015ealgam \u00a0yeni \u00fcr\u00fcn \u00e7e\u015fitlerini g\u0131da d\u00fcnyas\u0131na...<\/p>\n<\/div>\n<footer class=\"cmsmasters_post_footer entry-meta\"><div class=\"cmsmasters_post_meta_info\"><span class=\"cmsmasters_likes cmsmasters_post_likes\"><a href=\"#\" onclick=\"cmsmastersLike(16569, false); return false;\" id=\"cmsmastersLike-16569\" class=\"cmsmastersLike cmsmasters_theme_icon_like\"><span>0 <\/span><\/a><\/span><\/div><\/footer>\t\t\t<\/div>\r\n\t\t<\/div>\r\n\t<\/div>\r\n\t<div class=\"cmsmasters_post_timeline_circle\"><\/div>\r\n<\/article>\r\n<!-- Finish Post Timeline Article -->\r\n\r\n<!-- Start Post Timeline Article -->\r\n<article id=\"post-15913\" class=\"cmsmasters_post_timeline post-15913 post type-post status-publish format-standard has-post-thumbnail hentry category-kilikya-en category-uncategorized\">\r\n\t<div class=\"cmsmasters_timeline_margin\">\r\n\t\t<div class=\"cmsmasters_post_cont\">\r\n\t\t<figure class=\"cmsmasters_img_wrap\"><a href=\"https:\/\/kilikya.com.tr\/en\/kilikya-beyrut-cooking-festivalindeydi\/\" title=\"Kilikya, Beyrut Cooking Festivalindeydi\" class=\"cmsmasters_img_link preloader\"><img loading=\"lazy\" decoding=\"async\" width=\"860\" height=\"570\" src=\"https:\/\/kilikya.com.tr\/wp-content\/uploads\/2018\/11\/kilikya-beyrut-cooking-festivalindeydi-1-860x570.jpg\" class=\"full-width wp-post-image\" alt=\"Kilikya, Beyrut Cooking Festivalindeydi\" title=\"Kilikya, Beyrut Cooking Festivalindeydi\" \/><\/a><\/figure>\t\t\t<div class=\"cmsmasters_post_cont_inner\">\r\n\t\t\t\t<header class=\"cmsmasters_post_header entry-header\"><h3 class=\"cmsmasters_post_title entry-title\"><a href=\"https:\/\/kilikya.com.tr\/en\/kilikya-beyrut-cooking-festivalindeydi\/\">Kilikya, Beyrut Cooking Festivalindeydi<\/a><\/h3><\/header><div class=\"cmsmasters_post_content entry-content\">\n<p>Kilikya yemek, i\u00e7ecek ve mutfak\u00a0ekipmanlar\u0131n\u0131n\u00a0en iyilerini ve en yeni trendlerini yans\u0131tan\u00a08.\u00a0Beyrut\u00a0Cooking\u00a0Festivalinden\u00a0memnun\u00a0ayr\u0131ld\u0131.\u00a0 Kilikya,\u00a0Beyrut\u00a0Cooking\u00a0Festivaline\u00a0\u00a0AK\u0130B\u00a0Akdeniz \u0130hracat\u00e7\u0131lar Birli\u011fi ve\u00a0 Adana B\u00fcy\u00fck\u015fehir Belediyesi organizasyonunda\u00a0 L\u00fcbnan...<\/p>\n<\/div>\n<footer class=\"cmsmasters_post_footer entry-meta\"><div class=\"cmsmasters_post_meta_info\"><span class=\"cmsmasters_likes cmsmasters_post_likes\"><a href=\"#\" onclick=\"cmsmastersLike(15913, false); return false;\" id=\"cmsmastersLike-15913\" class=\"cmsmastersLike cmsmasters_theme_icon_like\"><span>0 <\/span><\/a><\/span><\/div><\/footer>\t\t\t<\/div>\r\n\t\t<\/div>\r\n\t<\/div>\r\n\t<div class=\"cmsmasters_post_timeline_circle\"><\/div>\r\n<\/article>\r\n<!-- Finish Post Timeline Article -->\r\n\r\n<!-- Start Post Timeline Article -->\r\n<article id=\"post-15758\" class=\"cmsmasters_post_timeline post-15758 post type-post status-publish format-standard has-post-thumbnail hentry category-kilikya-en\">\r\n\t<div class=\"cmsmasters_timeline_margin\">\r\n\t\t<div class=\"cmsmasters_post_cont\">\r\n\t\t<figure class=\"cmsmasters_img_wrap\"><a href=\"https:\/\/kilikya.com.tr\/en\/kilikya-altin-marka-tuketici-odulunu-aldi-ve-tum-tuketicilere-tavsiye-edilen-marka-secildi\/\" title=\"Kilikya, Alt\u0131n Marka T\u00fcketici \u00d6d\u00fcl\u00fcn\u00fc Ald\u0131 ve T\u00fcm T\u00fcketicilere Tavsiye Edilen Marka se\u00e7ildi\" class=\"cmsmasters_img_link preloader\"><img loading=\"lazy\" decoding=\"async\" width=\"860\" height=\"570\" src=\"https:\/\/kilikya.com.tr\/wp-content\/uploads\/2018\/07\/tuketici-odulu-860x570.jpg\" class=\"full-width wp-post-image\" alt=\"Kilikya, Alt\u0131n Marka T\u00fcketici \u00d6d\u00fcl\u00fcn\u00fc Ald\u0131 ve T\u00fcm T\u00fcketicilere Tavsiye Edilen Marka se\u00e7ildi\" title=\"Kilikya, Alt\u0131n Marka T\u00fcketici \u00d6d\u00fcl\u00fcn\u00fc Ald\u0131 ve T\u00fcm T\u00fcketicilere Tavsiye Edilen Marka se\u00e7ildi\" srcset=\"https:\/\/kilikya.com.tr\/wp-content\/uploads\/2018\/07\/tuketici-odulu-860x570.jpg 860w, https:\/\/kilikya.com.tr\/wp-content\/uploads\/2018\/07\/tuketici-odulu-300x200.jpg 300w\" sizes=\"(max-width: 860px) 100vw, 860px\" \/><\/a><\/figure>\t\t\t<div class=\"cmsmasters_post_cont_inner\">\r\n\t\t\t\t<header class=\"cmsmasters_post_header entry-header\"><h3 class=\"cmsmasters_post_title entry-title\"><a href=\"https:\/\/kilikya.com.tr\/en\/kilikya-altin-marka-tuketici-odulunu-aldi-ve-tum-tuketicilere-tavsiye-edilen-marka-secildi\/\">Kilikya, Alt\u0131n Marka T\u00fcketici \u00d6d\u00fcl\u00fcn\u00fc Ald\u0131 ve T\u00fcm T\u00fcketicilere Tavsiye Edilen Marka se\u00e7ildi<\/a><\/h3><\/header><div class=\"cmsmasters_post_content entry-content\">\n<p>Kilikya, en az \u015fik\u00e2yet alan ya da hi\u00e7 almayan markalar\u0131n belirlenmesiyle yap\u0131lan de\u011ferlendirme sonucunda \u201cen az \u015fik\u00e2yet alan marka\u201d olarak...<\/p>\n<\/div>\n<footer class=\"cmsmasters_post_footer entry-meta\"><div class=\"cmsmasters_post_meta_info\"><span class=\"cmsmasters_likes cmsmasters_post_likes\"><a href=\"#\" onclick=\"cmsmastersLike(15758, false); return false;\" id=\"cmsmastersLike-15758\" class=\"cmsmastersLike cmsmasters_theme_icon_like\"><span>2 <\/span><\/a><\/span><\/div><\/footer>\t\t\t<\/div>\r\n\t\t<\/div>\r\n\t<\/div>\r\n\t<div class=\"cmsmasters_post_timeline_circle\"><\/div>\r\n<\/article>\r\n<!-- Finish Post Timeline Article -->\r\n\r\n<!-- Start Post Timeline Article -->\r\n<article id=\"post-15768\" class=\"cmsmasters_post_timeline post-15768 post type-post status-publish format-standard has-post-thumbnail hentry category-kilikya-en\">\r\n\t<div class=\"cmsmasters_timeline_margin\">\r\n\t\t<div class=\"cmsmasters_post_cont\">\r\n\t\t<figure class=\"cmsmasters_img_wrap\"><a href=\"https:\/\/kilikya.com.tr\/en\/japonyada-gida-alicilariyla-bulustuk\/\" title=\"Japonya\u2019da  G\u0131da Al\u0131c\u0131lar\u0131yla Bulu\u015ftuk\" class=\"cmsmasters_img_link preloader\"><img loading=\"lazy\" decoding=\"async\" width=\"860\" height=\"570\" src=\"https:\/\/kilikya.com.tr\/wp-content\/uploads\/2018\/07\/kilikya-salgam-japonya-da-gida-alicilariyla-11060254_633_o-1-860x570.jpg\" class=\"full-width wp-post-image\" alt=\"Japonya\u2019da  G\u0131da Al\u0131c\u0131lar\u0131yla Bulu\u015ftuk\" title=\"Japonya\u2019da  G\u0131da Al\u0131c\u0131lar\u0131yla Bulu\u015ftuk\" srcset=\"https:\/\/kilikya.com.tr\/wp-content\/uploads\/2018\/07\/kilikya-salgam-japonya-da-gida-alicilariyla-11060254_633_o-1-860x570.jpg 860w, https:\/\/kilikya.com.tr\/wp-content\/uploads\/2018\/07\/kilikya-salgam-japonya-da-gida-alicilariyla-11060254_633_o-1-300x200.jpg 300w\" sizes=\"(max-width: 860px) 100vw, 860px\" \/><\/a><\/figure>\t\t\t<div class=\"cmsmasters_post_cont_inner\">\r\n\t\t\t\t<header class=\"cmsmasters_post_header entry-header\"><h3 class=\"cmsmasters_post_title entry-title\"><a href=\"https:\/\/kilikya.com.tr\/en\/japonyada-gida-alicilariyla-bulustuk\/\">Japonya\u2019da  G\u0131da Al\u0131c\u0131lar\u0131yla Bulu\u015ftuk<\/a><\/h3><\/header><div class=\"cmsmasters_post_content entry-content\">\n<p>Kilikya \u015ealgam, D\u00fcnyan\u0131n en b\u00fcy\u00fck 3. ekonomisine sahip Japonya&#8217;ya ger\u00e7ekle\u015ftirilen G\u0131da Ticaret Heyeti gezisinde Japonya&#8217;daki al\u0131c\u0131larla bir araya gelerek i\u015f...<\/p>\n<\/div>\n<footer class=\"cmsmasters_post_footer entry-meta\"><div class=\"cmsmasters_post_meta_info\"><span class=\"cmsmasters_likes cmsmasters_post_likes\"><a href=\"#\" onclick=\"cmsmastersLike(15768, false); return false;\" id=\"cmsmastersLike-15768\" class=\"cmsmastersLike cmsmasters_theme_icon_like\"><span>0 <\/span><\/a><\/span><\/div><\/footer>\t\t\t<\/div>\r\n\t\t<\/div>\r\n\t<\/div>\r\n\t<div class=\"cmsmasters_post_timeline_circle\"><\/div>\r\n<\/article>\r\n<!-- Finish Post Timeline Article -->\r\n\r\n<!-- Start Post Timeline Article -->\r\n<article id=\"post-15771\" class=\"cmsmasters_post_timeline post-15771 post type-post status-publish format-standard has-post-thumbnail hentry category-kilikya-en\">\r\n\t<div class=\"cmsmasters_timeline_margin\">\r\n\t\t<div class=\"cmsmasters_post_cont\">\r\n\t\t<figure class=\"cmsmasters_img_wrap\"><a href=\"https:\/\/kilikya.com.tr\/en\/fransa-paris-sial-fuarindayiz\/\" title=\"Fransa Paris SIAL Fuar\u0131nday\u0131z\" class=\"cmsmasters_img_link preloader\"><img loading=\"lazy\" decoding=\"async\" width=\"860\" height=\"570\" src=\"https:\/\/kilikya.com.tr\/wp-content\/uploads\/2018\/07\/sial-860x570.jpg\" class=\"full-width wp-post-image\" alt=\"Fransa Paris SIAL Fuar\u0131nday\u0131z\" title=\"Fransa Paris SIAL Fuar\u0131nday\u0131z\" srcset=\"https:\/\/kilikya.com.tr\/wp-content\/uploads\/2018\/07\/sial-860x570.jpg 860w, https:\/\/kilikya.com.tr\/wp-content\/uploads\/2018\/07\/sial-300x200.jpg 300w\" sizes=\"(max-width: 860px) 100vw, 860px\" \/><\/a><\/figure>\t\t\t<div class=\"cmsmasters_post_cont_inner\">\r\n\t\t\t\t<header class=\"cmsmasters_post_header entry-header\"><h3 class=\"cmsmasters_post_title entry-title\"><a href=\"https:\/\/kilikya.com.tr\/en\/fransa-paris-sial-fuarindayiz\/\">Fransa Paris SIAL Fuar\u0131nday\u0131z<\/a><\/h3><\/header><div class=\"cmsmasters_post_content entry-content\">\n<p>Kilikya \u015ealgam, D\u00fcnyan\u0131n en prestijli g\u0131da fuarlar\u0131ndan biri olan SIAL\u2019de, \u00fcr\u00fcnlerini t\u00fcm d\u00fcnyadan gelecek g\u0131da profesyonellerine tan\u0131tmak i\u00e7in haz\u0131r. 30...<\/p>\n<\/div>\n<footer class=\"cmsmasters_post_footer entry-meta\"><div class=\"cmsmasters_post_meta_info\"><span class=\"cmsmasters_likes cmsmasters_post_likes\"><a href=\"#\" onclick=\"cmsmastersLike(15771, false); return false;\" id=\"cmsmastersLike-15771\" class=\"cmsmastersLike cmsmasters_theme_icon_like\"><span>0 <\/span><\/a><\/span><\/div><\/footer>\t\t\t<\/div>\r\n\t\t<\/div>\r\n\t<\/div>\r\n\t<div class=\"cmsmasters_post_timeline_circle\"><\/div>\r\n<\/article>\r\n<!-- Finish Post Timeline Article -->\r\n\r\n<!-- Start Post Timeline Article -->\r\n<article id=\"post-15774\" class=\"cmsmasters_post_timeline post-15774 post type-post status-publish format-standard has-post-thumbnail hentry category-kilikya-en\">\r\n\t<div class=\"cmsmasters_timeline_margin\">\r\n\t\t<div class=\"cmsmasters_post_cont\">\r\n\t\t<figure class=\"cmsmasters_img_wrap\"><a href=\"https:\/\/kilikya.com.tr\/en\/kilikya-cnr-food-istanbul-fuarinda\/\" title=\"Kilikya, CNR Food \u0130stanbul Fuar\u0131nda\" class=\"cmsmasters_img_link preloader\"><img loading=\"lazy\" decoding=\"async\" width=\"860\" height=\"570\" src=\"https:\/\/kilikya.com.tr\/wp-content\/uploads\/2018\/07\/fuar-davetiye-860x570.jpg\" class=\"full-width wp-post-image\" alt=\"Kilikya, CNR Food \u0130stanbul Fuar\u0131nda\" title=\"Kilikya, CNR Food \u0130stanbul Fuar\u0131nda\" \/><\/a><\/figure>\t\t\t<div class=\"cmsmasters_post_cont_inner\">\r\n\t\t\t\t<header class=\"cmsmasters_post_header entry-header\"><h3 class=\"cmsmasters_post_title entry-title\"><a href=\"https:\/\/kilikya.com.tr\/en\/kilikya-cnr-food-istanbul-fuarinda\/\">Kilikya, CNR Food \u0130stanbul Fuar\u0131nda<\/a><\/h3><\/header><div class=\"cmsmasters_post_content entry-content\">\n<p>Kilikya , yenilen logosu ve \u015f\u0131k ambalajlar\u0131 ile T\u00fcrk g\u0131da sekt\u00f6r\u00fcn\u00fcn \u00f6nemli bulu\u015fma noktas\u0131 CNR Food Istanbul G\u0131da Fuar\u0131na haz\u0131r....<\/p>\n<\/div>\n<footer class=\"cmsmasters_post_footer entry-meta\"><div class=\"cmsmasters_post_meta_info\"><span class=\"cmsmasters_likes cmsmasters_post_likes\"><a href=\"#\" onclick=\"cmsmastersLike(15774, false); return false;\" id=\"cmsmastersLike-15774\" class=\"cmsmastersLike cmsmasters_theme_icon_like\"><span>1 <\/span><\/a><\/span><\/div><\/footer>\t\t\t<\/div>\r\n\t\t<\/div>\r\n\t<\/div>\r\n\t<div class=\"cmsmasters_post_timeline_circle\"><\/div>\r\n<\/article>\r\n<!-- Finish Post Timeline Article -->\r\n\r\n<!-- Start Post Timeline Article -->\r\n<article id=\"post-15777\" class=\"cmsmasters_post_timeline post-15777 post type-post status-publish format-standard has-post-thumbnail hentry category-kilikya-en\">\r\n\t<div class=\"cmsmasters_timeline_margin\">\r\n\t\t<div class=\"cmsmasters_post_cont\">\r\n\t\t<figure class=\"cmsmasters_img_wrap\"><a href=\"https:\/\/kilikya.com.tr\/en\/sial-uluslararasi-kuru-gida-fuari\/\" title=\"S\u0130AL Uluslararas\u0131 kuru G\u0131da Fuar\u0131\" class=\"cmsmasters_img_link preloader\"><img loading=\"lazy\" decoding=\"async\" width=\"800\" height=\"533\" src=\"https:\/\/kilikya.com.tr\/wp-content\/uploads\/2018\/07\/fuar2.jpg\" class=\"full-width wp-post-image\" alt=\"S\u0130AL Uluslararas\u0131 kuru G\u0131da Fuar\u0131\" title=\"S\u0130AL Uluslararas\u0131 kuru G\u0131da Fuar\u0131\" srcset=\"https:\/\/kilikya.com.tr\/wp-content\/uploads\/2018\/07\/fuar2.jpg 800w, https:\/\/kilikya.com.tr\/wp-content\/uploads\/2018\/07\/fuar2-500x333.jpg 500w, https:\/\/kilikya.com.tr\/wp-content\/uploads\/2018\/07\/fuar2-768x512.jpg 768w, https:\/\/kilikya.com.tr\/wp-content\/uploads\/2018\/07\/fuar2-580x386.jpg 580w, https:\/\/kilikya.com.tr\/wp-content\/uploads\/2018\/07\/fuar2-300x200.jpg 300w\" sizes=\"(max-width: 800px) 100vw, 800px\" \/><\/a><\/figure>\t\t\t<div class=\"cmsmasters_post_cont_inner\">\r\n\t\t\t\t<header class=\"cmsmasters_post_header entry-header\"><h3 class=\"cmsmasters_post_title entry-title\"><a href=\"https:\/\/kilikya.com.tr\/en\/sial-uluslararasi-kuru-gida-fuari\/\">S\u0130AL Uluslararas\u0131 kuru G\u0131da Fuar\u0131<\/a><\/h3><\/header><div class=\"cmsmasters_post_content entry-content\">\n<p>19 -23 Ekim 2014 Tarihler aras\u0131nda Fransa\u2019n\u0131n Paris \u015fehrinde d\u00fczenlenen. D\u00fcnyas\u0131n\u0131n en prestijli S\u0130AL Uluslararas\u0131 kuru G\u0131da Fuar\u0131n \u2019da .T\u00fcrkiye,...<\/p>\n<\/div>\n<footer class=\"cmsmasters_post_footer entry-meta\"><div class=\"cmsmasters_post_meta_info\"><span class=\"cmsmasters_likes cmsmasters_post_likes\"><a href=\"#\" onclick=\"cmsmastersLike(15777, false); return false;\" id=\"cmsmastersLike-15777\" class=\"cmsmastersLike cmsmasters_theme_icon_like\"><span>0 <\/span><\/a><\/span><\/div><\/footer>\t\t\t<\/div>\r\n\t\t<\/div>\r\n\t<\/div>\r\n\t<div class=\"cmsmasters_post_timeline_circle\"><\/div>\r\n<\/article>\r\n<!-- Finish Post Timeline Article -->\r\n\r\n<!-- Start Post Timeline Article -->\r\n<article id=\"post-15780\" class=\"cmsmasters_post_timeline post-15780 post type-post status-publish format-standard has-post-thumbnail hentry category-kilikya-en\">\r\n\t<div class=\"cmsmasters_timeline_margin\">\r\n\t\t<div class=\"cmsmasters_post_cont\">\r\n\t\t<figure class=\"cmsmasters_img_wrap\"><a href=\"https:\/\/kilikya.com.tr\/en\/uluslararasi-aile-ciftciligi-yili-calistayi\/\" title=\"Uluslararas\u0131 Aile \u00c7ift\u00e7ili\u011fi Y\u0131l\u0131 \u00c7al\u0131\u015ftay\u0131\" class=\"cmsmasters_img_link preloader\"><img loading=\"lazy\" decoding=\"async\" width=\"828\" height=\"570\" src=\"https:\/\/kilikya.com.tr\/wp-content\/uploads\/2018\/07\/tarim-828x570.jpg\" class=\"full-width wp-post-image\" alt=\"Uluslararas\u0131 Aile \u00c7ift\u00e7ili\u011fi Y\u0131l\u0131 \u00c7al\u0131\u015ftay\u0131\" title=\"Uluslararas\u0131 Aile \u00c7ift\u00e7ili\u011fi Y\u0131l\u0131 \u00c7al\u0131\u015ftay\u0131\" \/><\/a><\/figure>\t\t\t<div class=\"cmsmasters_post_cont_inner\">\r\n\t\t\t\t<header class=\"cmsmasters_post_header entry-header\"><h3 class=\"cmsmasters_post_title entry-title\"><a href=\"https:\/\/kilikya.com.tr\/en\/uluslararasi-aile-ciftciligi-yili-calistayi\/\">Uluslararas\u0131 Aile \u00c7ift\u00e7ili\u011fi Y\u0131l\u0131 \u00c7al\u0131\u015ftay\u0131<\/a><\/h3><\/header><div class=\"cmsmasters_post_content entry-content\">\n<p>FAO taraf\u0131ndan 2014 y\u0131l\u0131n\u0131n Uluslararas\u0131 Aile \u00c7ift\u00e7ili\u011fi Y\u0131l\u0131 ilan edilmesi dolay\u0131s\u0131yla Adana G\u0131da, Tar\u0131m ve Hayvanc\u0131l\u0131k M\u00fcd\u00fcrl\u00fc\u011f\u00fc&#8217;nde d\u00fczenlenen \u00e7al\u0131\u015ftaya Adana,...<\/p>\n<\/div>\n<footer class=\"cmsmasters_post_footer entry-meta\"><div class=\"cmsmasters_post_meta_info\"><span class=\"cmsmasters_likes cmsmasters_post_likes\"><a href=\"#\" onclick=\"cmsmastersLike(15780, false); return false;\" id=\"cmsmastersLike-15780\" class=\"cmsmastersLike cmsmasters_theme_icon_like\"><span>0 <\/span><\/a><\/span><\/div><\/footer>\t\t\t<\/div>\r\n\t\t<\/div>\r\n\t<\/div>\r\n\t<div class=\"cmsmasters_post_timeline_circle\"><\/div>\r\n<\/article>\r\n<!-- Finish Post Timeline Article -->\r\n\r\n<!-- Start Post Timeline Article -->\r\n<article id=\"post-15783\" class=\"cmsmasters_post_timeline post-15783 post type-post status-publish format-standard has-post-thumbnail hentry category-kilikya-en\">\r\n\t<div class=\"cmsmasters_timeline_margin\">\r\n\t\t<div class=\"cmsmasters_post_cont\">\r\n\t\t<figure class=\"cmsmasters_img_wrap\"><a href=\"https:\/\/kilikya.com.tr\/en\/5-yoresel-ve-geleneksel-urunler-fuari-antalya\/\" title=\"5. Y\u00f6resel ve Geleneksel \u00dcr\u00fcnler Fuar\u0131, Antalya\" class=\"cmsmasters_img_link preloader\"><img loading=\"lazy\" decoding=\"async\" width=\"800\" height=\"570\" src=\"https:\/\/kilikya.com.tr\/wp-content\/uploads\/2018\/07\/fuar-800x570.jpg\" class=\"full-width wp-post-image\" alt=\"5. Y\u00f6resel ve Geleneksel \u00dcr\u00fcnler Fuar\u0131, Antalya\" title=\"5. Y\u00f6resel ve Geleneksel \u00dcr\u00fcnler Fuar\u0131, Antalya\" \/><\/a><\/figure>\t\t\t<div class=\"cmsmasters_post_cont_inner\">\r\n\t\t\t\t<header class=\"cmsmasters_post_header entry-header\"><h3 class=\"cmsmasters_post_title entry-title\"><a href=\"https:\/\/kilikya.com.tr\/en\/5-yoresel-ve-geleneksel-urunler-fuari-antalya\/\">5. Y\u00f6resel ve Geleneksel \u00dcr\u00fcnler Fuar\u0131, Antalya<\/a><\/h3><\/header><div class=\"cmsmasters_post_content entry-content\">\n<p>Adana Ticaret Odas\u0131, Adana Ticaret Borsas\u0131, Adana Sanayi Odas\u0131 deste\u011fiyle Antalya Ticaret Borsas\u0131 taraf\u0131ndan d\u00fczenlenen 5. Y\u00f6resel ve Geleneksel \u00dcr\u00fcnler...<\/p>\n<\/div>\n<footer class=\"cmsmasters_post_footer entry-meta\"><div class=\"cmsmasters_post_meta_info\"><span class=\"cmsmasters_likes cmsmasters_post_likes\"><a href=\"#\" onclick=\"cmsmastersLike(15783, false); return false;\" id=\"cmsmastersLike-15783\" class=\"cmsmastersLike cmsmasters_theme_icon_like\"><span>0 <\/span><\/a><\/span><\/div><\/footer>\t\t\t<\/div>\r\n\t\t<\/div>\r\n\t<\/div>\r\n\t<div class=\"cmsmasters_post_timeline_circle\"><\/div>\r\n<\/article>\r\n<!-- Finish Post Timeline Article -->\r\n\r\n<!-- Start Post Timeline Article -->\r\n<article id=\"post-15786\" class=\"cmsmasters_post_timeline post-15786 post type-post status-publish format-standard has-post-thumbnail hentry category-kilikya-en\">\r\n\t<div class=\"cmsmasters_timeline_margin\">\r\n\t\t<div class=\"cmsmasters_post_cont\">\r\n\t\t<figure class=\"cmsmasters_img_wrap\"><a href=\"https:\/\/kilikya.com.tr\/en\/is-adamlarinin-rotasi-tunus-ve-libya\/\" title=\"\u0130\u015f Adamlar\u0131n\u0131n Rotas\u0131 Tunus ve Libya\" class=\"cmsmasters_img_link preloader\"><img loading=\"lazy\" decoding=\"async\" width=\"800\" height=\"533\" src=\"https:\/\/kilikya.com.tr\/wp-content\/uploads\/2018\/07\/arap.jpg\" class=\"full-width wp-post-image\" alt=\"\u0130\u015f Adamlar\u0131n\u0131n Rotas\u0131 Tunus ve Libya\" title=\"\u0130\u015f Adamlar\u0131n\u0131n Rotas\u0131 Tunus ve Libya\" srcset=\"https:\/\/kilikya.com.tr\/wp-content\/uploads\/2018\/07\/arap.jpg 800w, https:\/\/kilikya.com.tr\/wp-content\/uploads\/2018\/07\/arap-500x333.jpg 500w, https:\/\/kilikya.com.tr\/wp-content\/uploads\/2018\/07\/arap-768x512.jpg 768w, https:\/\/kilikya.com.tr\/wp-content\/uploads\/2018\/07\/arap-580x386.jpg 580w, https:\/\/kilikya.com.tr\/wp-content\/uploads\/2018\/07\/arap-300x200.jpg 300w\" sizes=\"(max-width: 800px) 100vw, 800px\" \/><\/a><\/figure>\t\t\t<div class=\"cmsmasters_post_cont_inner\">\r\n\t\t\t\t<header class=\"cmsmasters_post_header entry-header\"><h3 class=\"cmsmasters_post_title entry-title\"><a href=\"https:\/\/kilikya.com.tr\/en\/is-adamlarinin-rotasi-tunus-ve-libya\/\">\u0130\u015f Adamlar\u0131n\u0131n Rotas\u0131 Tunus ve Libya<\/a><\/h3><\/header><div class=\"cmsmasters_post_content entry-content\">\n<p>T\u00fcrkiye, Tunus ve Libyadan yakla\u015f\u0131k 400 i\u015fadam\u0131, yat\u0131r\u0131mc\u0131, dernek ile ticaret ve sanayi odalar\u0131 temsilcileri Tunus a yap\u0131lacak i\u015f forumunda...<\/p>\n<\/div>\n<footer class=\"cmsmasters_post_footer entry-meta\"><div class=\"cmsmasters_post_meta_info\"><span class=\"cmsmasters_likes cmsmasters_post_likes\"><a href=\"#\" onclick=\"cmsmastersLike(15786, false); return false;\" id=\"cmsmastersLike-15786\" class=\"cmsmastersLike cmsmasters_theme_icon_like\"><span>0 <\/span><\/a><\/span><\/div><\/footer>\t\t\t<\/div>\r\n\t\t<\/div>\r\n\t<\/div>\r\n\t<div class=\"cmsmasters_post_timeline_circle\"><\/div>\r\n<\/article>\r\n<!-- Finish Post Timeline Article -->\r\n\r\n<\/div><div class=\"cmsmasters_wrap_more_posts cmsmasters_wrap_more_items\"><\/div><\/div>\n<\/div><\/div>\n<\/div>\n<\/div>\n<\/div>\n<\/div>\n<\/div>\n\n","protected":false},"excerpt":{"rendered":"","protected":false},"author":2,"featured_media":0,"parent":0,"menu_order":0,"comment_status":"closed","ping_status":"open","template":"","meta":{"footnotes":""},"aioseo_notices":[],"_links":{"self":[{"href":"https:\/\/kilikya.com.tr\/en\/wp-json\/wp\/v2\/pages\/15600"}],"collection":[{"href":"https:\/\/kilikya.com.tr\/en\/wp-json\/wp\/v2\/pages"}],"about":[{"href":"https:\/\/kilikya.com.tr\/en\/wp-json\/wp\/v2\/types\/page"}],"author":[{"embeddable":true,"href":"https:\/\/kilikya.com.tr\/en\/wp-json\/wp\/v2\/users\/2"}],"replies":[{"embeddable":true,"href":"https:\/\/kilikya.com.tr\/en\/wp-json\/wp\/v2\/comments?post=15600"}],"version-history":[{"count":0,"href":"https:\/\/kilikya.com.tr\/en\/wp-json\/wp\/v2\/pages\/15600\/revisions"}],"wp:attachment":[{"href":"https:\/\/kilikya.com.tr\/en\/wp-json\/wp\/v2\/media?parent=15600"}],"curies":[{"name":"wp","href":"https:\/\/api.w.org\/{rel}","templated":true}]}}