{"id":15576,"date":"2018-07-13T11:54:04","date_gmt":"2018-07-13T08:54:04","guid":{"rendered":"https:\/\/kilikya.com.tr\/kalite-belgelerimiz\/"},"modified":"2019-01-03T17:38:17","modified_gmt":"2019-01-03T14:38:17","slug":"quality-certificates","status":"publish","type":"page","link":"https:\/\/kilikya.com.tr\/en\/quality-certificates\/","title":{"rendered":"Quality certificates"},"content":{"rendered":"<div id=\"cmsmasters_row_i4agqkjkgi\" class=\"cmsmasters_row cmsmasters_color_scheme_default cmsmasters_row_top_default cmsmasters_row_bot_default cmsmasters_row_boxed\">\n<div class=\"cmsmasters_row_outer_parent\">\n<div class=\"cmsmasters_row_outer\">\n<div class=\"cmsmasters_row_inner\">\n<div class=\"cmsmasters_row_margin\">\n<div id=\"cmsmasters_column_xl514f8nd6\" class=\"cmsmasters_column one_first\">\n<div class=\"cmsmasters_column_inner\"><div class=\"cmsmasters_text\">\n<p>We will continue to produce high quality, healthy and safe products in accordance with the needs and expectations of our customers by providing continuous improvement in every product we produce by acting in a team spirit together with our employees and suppliers.<\/p>\n<p>ISO 9001 Quality Management System Certificate, ISO 22000 Food Safety Management Certificate, ISO 14001 Environmental management system certificate, Turkish GAP Entrepreneur Certificate for Quality and safe product \u201cby establishing, implementing and maintaining the Quality and Food Safety System and fulfilling the requirements of documented standards in the most appropriate manner.<br \/>\nWe fulfill the requirements of TSE Halal conformity.<\/p>\n<p>By continuing the productivity with our R&amp;D studies, we make investments and follow our technological developments and improve our potential.<\/p>\n<\/div>\n<\/div><\/div>\n<\/div>\n<\/div>\n<\/div>\n<\/div>\n<\/div>\n<div id=\"cmsmasters_row_gt9hz3no6o\" class=\"cmsmasters_row cmsmasters_color_scheme_default cmsmasters_row_top_default cmsmasters_row_bot_default cmsmasters_row_boxed\">\n<div class=\"cmsmasters_row_outer_parent\">\n<div class=\"cmsmasters_row_outer\">\n<div class=\"cmsmasters_row_inner\">\n<div class=\"cmsmasters_row_margin\">\n<div id=\"cmsmasters_column_5of3p6jrf2\" class=\"cmsmasters_column one_first\">\n<div class=\"cmsmasters_column_inner\"><div id=\"cmsmasters_gallery_kvix9dbgj\" class=\"cmsmasters_gallery_wrap\" data-type=\"grid\" data-count=\"0\" data-animation=\"fadeIn\" data-delay=\"0\"><ul class=\"cmsmasters_gallery cmsmasters_4 cmsmasters_more_items_loader\"><li class=\"cmsmasters_gallery_item cmsmasters_caption\"><figure><a href=\"https:\/\/kilikya.com.tr\/wp-content\/uploads\/2018\/07\/isletme-kayit-belgesi.jpg\" rel=\"ilightbox[kvix9dbgj]\"><img loading=\"lazy\" decoding=\"async\" width=\"700\" height=\"990\" src=\"https:\/\/kilikya.com.tr\/wp-content\/uploads\/2018\/07\/isletme-kayit-belgesi.jpg\" class=\"attachment-full size-full\" alt=\"\" srcset=\"https:\/\/kilikya.com.tr\/wp-content\/uploads\/2018\/07\/isletme-kayit-belgesi.jpg 700w, https:\/\/kilikya.com.tr\/wp-content\/uploads\/2018\/07\/isletme-kayit-belgesi-354x500.jpg 354w, https:\/\/kilikya.com.tr\/wp-content\/uploads\/2018\/07\/isletme-kayit-belgesi-580x820.jpg 580w, https:\/\/kilikya.com.tr\/wp-content\/uploads\/2018\/07\/isletme-kayit-belgesi-212x300.jpg 212w\" sizes=\"(max-width: 700px) 100vw, 700px\" \/><\/a><figcaption>Business Registration Certificate<\/figcaption><\/figure><\/li><li class=\"cmsmasters_gallery_item cmsmasters_caption\"><figure><a href=\"https:\/\/kilikya.com.tr\/wp-content\/uploads\/2018\/07\/mutesebbis-sertifikasi.jpg\" rel=\"ilightbox[kvix9dbgj]\"><img loading=\"lazy\" decoding=\"async\" width=\"700\" height=\"990\" src=\"https:\/\/kilikya.com.tr\/wp-content\/uploads\/2018\/07\/mutesebbis-sertifikasi.jpg\" class=\"attachment-full size-full\" alt=\"\" srcset=\"https:\/\/kilikya.com.tr\/wp-content\/uploads\/2018\/07\/mutesebbis-sertifikasi.jpg 700w, https:\/\/kilikya.com.tr\/wp-content\/uploads\/2018\/07\/mutesebbis-sertifikasi-354x500.jpg 354w, https:\/\/kilikya.com.tr\/wp-content\/uploads\/2018\/07\/mutesebbis-sertifikasi-580x820.jpg 580w, https:\/\/kilikya.com.tr\/wp-content\/uploads\/2018\/07\/mutesebbis-sertifikasi-212x300.jpg 212w\" sizes=\"(max-width: 700px) 100vw, 700px\" \/><\/a><figcaption>Turkish GAP Entrepreneur Certificate<\/figcaption><\/figure><\/li><li class=\"cmsmasters_gallery_item cmsmasters_caption\"><figure><a href=\"https:\/\/kilikya.com.tr\/wp-content\/uploads\/2018\/07\/organik-acili-salgam-urun-sertifikasi.jpg\" rel=\"ilightbox[kvix9dbgj]\"><img loading=\"lazy\" decoding=\"async\" width=\"700\" height=\"990\" src=\"https:\/\/kilikya.com.tr\/wp-content\/uploads\/2018\/07\/organik-acili-salgam-urun-sertifikasi.jpg\" class=\"attachment-full size-full\" alt=\"\" srcset=\"https:\/\/kilikya.com.tr\/wp-content\/uploads\/2018\/07\/organik-acili-salgam-urun-sertifikasi.jpg 700w, https:\/\/kilikya.com.tr\/wp-content\/uploads\/2018\/07\/organik-acili-salgam-urun-sertifikasi-354x500.jpg 354w, https:\/\/kilikya.com.tr\/wp-content\/uploads\/2018\/07\/organik-acili-salgam-urun-sertifikasi-580x820.jpg 580w, https:\/\/kilikya.com.tr\/wp-content\/uploads\/2018\/07\/organik-acili-salgam-urun-sertifikasi-212x300.jpg 212w\" sizes=\"(max-width: 700px) 100vw, 700px\" \/><\/a><figcaption>Turkish GAP Organic Product Certificate<\/figcaption><\/figure><\/li><li class=\"cmsmasters_gallery_item cmsmasters_caption\"><figure><a href=\"https:\/\/kilikya.com.tr\/wp-content\/uploads\/2018\/07\/organik-acisiz-salgam-urun-sertifikasi.jpg\" rel=\"ilightbox[kvix9dbgj]\"><img loading=\"lazy\" decoding=\"async\" width=\"700\" height=\"990\" src=\"https:\/\/kilikya.com.tr\/wp-content\/uploads\/2018\/07\/organik-acisiz-salgam-urun-sertifikasi.jpg\" class=\"attachment-full size-full\" alt=\"\" srcset=\"https:\/\/kilikya.com.tr\/wp-content\/uploads\/2018\/07\/organik-acisiz-salgam-urun-sertifikasi.jpg 700w, https:\/\/kilikya.com.tr\/wp-content\/uploads\/2018\/07\/organik-acisiz-salgam-urun-sertifikasi-354x500.jpg 354w, https:\/\/kilikya.com.tr\/wp-content\/uploads\/2018\/07\/organik-acisiz-salgam-urun-sertifikasi-580x820.jpg 580w, https:\/\/kilikya.com.tr\/wp-content\/uploads\/2018\/07\/organik-acisiz-salgam-urun-sertifikasi-212x300.jpg 212w\" sizes=\"(max-width: 700px) 100vw, 700px\" \/><\/a><figcaption>Turkish GAP Organic Product Certificate<\/figcaption><\/figure><\/li><li class=\"cmsmasters_gallery_item cmsmasters_caption\"><figure><a href=\"https:\/\/kilikya.com.tr\/wp-content\/uploads\/2018\/07\/iso-9001-en.jpg\" rel=\"ilightbox[kvix9dbgj]\"><img loading=\"lazy\" decoding=\"async\" width=\"700\" height=\"990\" src=\"https:\/\/kilikya.com.tr\/wp-content\/uploads\/2018\/07\/iso-9001-en.jpg\" class=\"attachment-full size-full\" alt=\"\" srcset=\"https:\/\/kilikya.com.tr\/wp-content\/uploads\/2018\/07\/iso-9001-en.jpg 700w, https:\/\/kilikya.com.tr\/wp-content\/uploads\/2018\/07\/iso-9001-en-354x500.jpg 354w, https:\/\/kilikya.com.tr\/wp-content\/uploads\/2018\/07\/iso-9001-en-580x820.jpg 580w, https:\/\/kilikya.com.tr\/wp-content\/uploads\/2018\/07\/iso-9001-en-212x300.jpg 212w\" sizes=\"(max-width: 700px) 100vw, 700px\" \/><\/a><figcaption>ISO 9001 Quality Management System Certificate<\/figcaption><\/figure><\/li><li class=\"cmsmasters_gallery_item cmsmasters_caption\"><figure><a href=\"https:\/\/kilikya.com.tr\/wp-content\/uploads\/2018\/07\/iso-22000-en.jpg\" rel=\"ilightbox[kvix9dbgj]\"><img loading=\"lazy\" decoding=\"async\" width=\"700\" height=\"990\" src=\"https:\/\/kilikya.com.tr\/wp-content\/uploads\/2018\/07\/iso-22000-en.jpg\" class=\"attachment-full size-full\" alt=\"\" srcset=\"https:\/\/kilikya.com.tr\/wp-content\/uploads\/2018\/07\/iso-22000-en.jpg 700w, https:\/\/kilikya.com.tr\/wp-content\/uploads\/2018\/07\/iso-22000-en-354x500.jpg 354w, https:\/\/kilikya.com.tr\/wp-content\/uploads\/2018\/07\/iso-22000-en-580x820.jpg 580w, https:\/\/kilikya.com.tr\/wp-content\/uploads\/2018\/07\/iso-22000-en-212x300.jpg 212w\" sizes=\"(max-width: 700px) 100vw, 700px\" \/><\/a><figcaption>ISO 22000 Food Safety Management Certificate<\/figcaption><\/figure><\/li><li class=\"cmsmasters_gallery_item cmsmasters_caption\"><figure><a href=\"https:\/\/kilikya.com.tr\/wp-content\/uploads\/2018\/07\/iso-14001-en.jpg\" rel=\"ilightbox[kvix9dbgj]\"><img loading=\"lazy\" decoding=\"async\" width=\"700\" height=\"990\" src=\"https:\/\/kilikya.com.tr\/wp-content\/uploads\/2018\/07\/iso-14001-en.jpg\" class=\"attachment-full size-full\" alt=\"\" srcset=\"https:\/\/kilikya.com.tr\/wp-content\/uploads\/2018\/07\/iso-14001-en.jpg 700w, https:\/\/kilikya.com.tr\/wp-content\/uploads\/2018\/07\/iso-14001-en-354x500.jpg 354w, https:\/\/kilikya.com.tr\/wp-content\/uploads\/2018\/07\/iso-14001-en-580x820.jpg 580w, https:\/\/kilikya.com.tr\/wp-content\/uploads\/2018\/07\/iso-14001-en-212x300.jpg 212w\" sizes=\"(max-width: 700px) 100vw, 700px\" \/><\/a><figcaption> ISO 14001 Environmental management system Certificate\n\n<\/figcaption><\/figure><\/li><li class=\"cmsmasters_gallery_item cmsmasters_caption\"><figure><a href=\"https:\/\/kilikya.com.tr\/wp-content\/uploads\/2019\/01\/registration.jpg\" rel=\"ilightbox[kvix9dbgj]\"><img loading=\"lazy\" decoding=\"async\" width=\"700\" height=\"990\" src=\"https:\/\/kilikya.com.tr\/wp-content\/uploads\/2019\/01\/registration.jpg\" class=\"attachment-full size-full\" alt=\"\" srcset=\"https:\/\/kilikya.com.tr\/wp-content\/uploads\/2019\/01\/registration.jpg 700w, https:\/\/kilikya.com.tr\/wp-content\/uploads\/2019\/01\/registration-354x500.jpg 354w, https:\/\/kilikya.com.tr\/wp-content\/uploads\/2019\/01\/registration-580x820.jpg 580w\" sizes=\"(max-width: 700px) 100vw, 700px\" \/><\/a><figcaption>Registration Certifcate<\/figcaption><\/figure><\/li><li class=\"cmsmasters_gallery_item cmsmasters_caption\"><figure><a href=\"https:\/\/kilikya.com.tr\/wp-content\/uploads\/2019\/01\/kosher.jpg\" rel=\"ilightbox[kvix9dbgj]\"><img loading=\"lazy\" decoding=\"async\" width=\"700\" height=\"990\" src=\"https:\/\/kilikya.com.tr\/wp-content\/uploads\/2019\/01\/kosher.jpg\" class=\"attachment-full size-full\" alt=\"\" srcset=\"https:\/\/kilikya.com.tr\/wp-content\/uploads\/2019\/01\/kosher.jpg 700w, https:\/\/kilikya.com.tr\/wp-content\/uploads\/2019\/01\/kosher-354x500.jpg 354w, https:\/\/kilikya.com.tr\/wp-content\/uploads\/2019\/01\/kosher-580x820.jpg 580w\" sizes=\"(max-width: 700px) 100vw, 700px\" \/><\/a><figcaption>Kosher Certificate<\/figcaption><\/figure><\/li><li class=\"cmsmasters_gallery_item cmsmasters_caption\"><figure><a href=\"https:\/\/kilikya.com.tr\/wp-content\/uploads\/2019\/01\/halal.jpg\" rel=\"ilightbox[kvix9dbgj]\"><img loading=\"lazy\" decoding=\"async\" width=\"700\" height=\"990\" src=\"https:\/\/kilikya.com.tr\/wp-content\/uploads\/2019\/01\/halal.jpg\" class=\"attachment-full size-full\" alt=\"\" srcset=\"https:\/\/kilikya.com.tr\/wp-content\/uploads\/2019\/01\/halal.jpg 700w, https:\/\/kilikya.com.tr\/wp-content\/uploads\/2019\/01\/halal-354x500.jpg 354w, https:\/\/kilikya.com.tr\/wp-content\/uploads\/2019\/01\/halal-580x820.jpg 580w\" sizes=\"(max-width: 700px) 100vw, 700px\" \/><\/a><figcaption>Halal Certificate<\/figcaption><\/figure><\/li><\/ul><\/div>\n<\/div><\/div>\n<\/div>\n<\/div>\n<\/div>\n<\/div>\n<\/div>\n<div id=\"cmsmasters_row_7csy3h2yje\" class=\"cmsmasters_row cmsmasters_color_scheme_default cmsmasters_row_top_default cmsmasters_row_bot_default cmsmasters_row_boxed\">\n<div class=\"cmsmasters_row_outer_parent\">\n<div class=\"cmsmasters_row_outer\">\n<div class=\"cmsmasters_row_inner\">\n<div class=\"cmsmasters_row_margin\">\n<div id=\"cmsmasters_column_kx8cq9wv2\" class=\"cmsmasters_column one_first\">\n<div class=\"cmsmasters_column_inner\">\n<div id=\"cmsmasters_divider_g5c5iqge5\" class=\"cmsmasters_divider cmsmasters_divider_width_long cmsmasters_divider_pos_center\"><\/div>\n<\/div><\/div>\n<\/div>\n<\/div>\n<\/div>\n<\/div>\n<\/div>\n<div id=\"cmsmasters_row_7eeveog1i\" class=\"cmsmasters_row cmsmasters_color_scheme_default cmsmasters_row_top_default cmsmasters_row_bot_default cmsmasters_row_boxed\">\n<div class=\"cmsmasters_row_outer_parent\">\n<div class=\"cmsmasters_row_outer\">\n<div class=\"cmsmasters_row_inner\">\n<div class=\"cmsmasters_row_margin\">\n<div id=\"cmsmasters_column_sv776ih9z9\" class=\"cmsmasters_column one_first\">\n<div class=\"cmsmasters_column_inner\"><div class=\"cmsmasters_text\">\n<ul>\n<li><a href=\"https:\/\/kilikya.com.tr\/wp-content\/uploads\/2018\/08\/LETME-KAYIT-BELGES\u0130.pdf\">Business Registration Certificate<\/a><\/li>\n<li><a href=\"https:\/\/kilikya.com.tr\/wp-content\/uploads\/2018\/08\/2018-M\u00dcTE\u015eEBB\u0130S.pdf\">Turkish GAP Entrepreneur Certificate<\/a><\/li>\n<li><a href=\"https:\/\/kilikya.com.tr\/wp-content\/uploads\/2018\/08\/2018-ACISIZ-ORGAN\u0130K-SERT\u0130F\u0130KA.pdf\">Turkish GAP Organic Product Certificate<\/a><\/li>\n<li><a href=\"https:\/\/kilikya.com.tr\/wp-content\/uploads\/2018\/08\/2018-ACILI-ORGAN\u0130K-SERT\u0130F\u0130KA.pdf\">Turkish GAP Organic Product Certificate<\/a><\/li>\n<li><a href=\"https:\/\/kilikya.com.tr\/wp-content\/uploads\/2018\/08\/2018-22000-sertifika-ingilizce.pdf\">ISO 22000 Food Safety Management Certificate<\/a><\/li>\n<li><a href=\"https:\/\/kilikya.com.tr\/wp-content\/uploads\/2018\/08\/2018-14001-sertifika-ingilizce.pdf\">ISO 14001 Environmental management system Certificate<\/a><\/li>\n<li><a href=\"https:\/\/kilikya.com.tr\/wp-content\/uploads\/2018\/08\/2018-9001-sertifika-ingilizce.pdf\">ISO 9001 Quality Management System Certificate<\/a><\/li>\n<\/ul>\n<\/div>\n<\/div><\/div>\n<\/div>\n<\/div>\n<\/div>\n<\/div>\n<\/div>\n\n","protected":false},"excerpt":{"rendered":"","protected":false},"author":2,"featured_media":0,"parent":0,"menu_order":0,"comment_status":"closed","ping_status":"open","template":"","meta":{"footnotes":""},"aioseo_notices":[],"_links":{"self":[{"href":"https:\/\/kilikya.com.tr\/en\/wp-json\/wp\/v2\/pages\/15576"}],"collection":[{"href":"https:\/\/kilikya.com.tr\/en\/wp-json\/wp\/v2\/pages"}],"about":[{"href":"https:\/\/kilikya.com.tr\/en\/wp-json\/wp\/v2\/types\/page"}],"author":[{"embeddable":true,"href":"https:\/\/kilikya.com.tr\/en\/wp-json\/wp\/v2\/users\/2"}],"replies":[{"embeddable":true,"href":"https:\/\/kilikya.com.tr\/en\/wp-json\/wp\/v2\/comments?post=15576"}],"version-history":[{"count":0,"href":"https:\/\/kilikya.com.tr\/en\/wp-json\/wp\/v2\/pages\/15576\/revisions"}],"wp:attachment":[{"href":"https:\/\/kilikya.com.tr\/en\/wp-json\/wp\/v2\/media?parent=15576"}],"curies":[{"name":"wp","href":"https:\/\/api.w.org\/{rel}","templated":true}]}}