{"id":15567,"date":"2018-07-13T10:11:22","date_gmt":"2018-07-13T07:11:22","guid":{"rendered":"https:\/\/kilikya.com.tr\/tarihce\/"},"modified":"2018-09-27T16:53:30","modified_gmt":"2018-09-27T13:53:30","slug":"history","status":"publish","type":"page","link":"https:\/\/kilikya.com.tr\/en\/history\/","title":{"rendered":"History"},"content":{"rendered":"<div id=\"cmsmasters_row_5c15acc058\" class=\"cmsmasters_row cmsmasters_color_scheme_default cmsmasters_row_top_default cmsmasters_row_bot_default cmsmasters_row_boxed\">\n<div class=\"cmsmasters_row_outer_parent\">\n<div class=\"cmsmasters_row_outer\">\n<div class=\"cmsmasters_row_inner\">\n<div class=\"cmsmasters_row_margin\">\n<div id=\"cmsmasters_column_\" class=\"cmsmasters_column one_fourth\">\n<div class=\"cmsmasters_column_inner\"><div id=\"cmsmasters_heading_7bsub0mc49\" class=\"cmsmasters_heading_wrap cmsmasters_heading_align_left\">\n\t<h2 class=\"cmsmasters_heading\">1957<\/h2>\n<\/div>\n<\/div><\/div>\n<div id=\"cmsmasters_column_5kgp32lzb8\" class=\"cmsmasters_column three_fourth\">\n<div class=\"cmsmasters_column_inner\"><div class=\"cmsmasters_text\">\n<p>In 1957, he started his commercial life in \u201cHatay City Iskenderun\u00a0 province\u2019\u2019 by selling wholesale and retail products of Zahire and Cereal by Mehmet Nas.<\/p>\n<\/div>\n<\/div><\/div>\n<\/div>\n<\/div>\n<\/div>\n<\/div>\n<\/div>\n<div id=\"cmsmasters_row_7csy3h2yje\" class=\"cmsmasters_row cmsmasters_color_scheme_default cmsmasters_row_top_default cmsmasters_row_bot_default cmsmasters_row_boxed\">\n<div class=\"cmsmasters_row_outer_parent\">\n<div class=\"cmsmasters_row_outer\">\n<div class=\"cmsmasters_row_inner\">\n<div class=\"cmsmasters_row_margin\">\n<div id=\"cmsmasters_column_kx8cq9wv2\" class=\"cmsmasters_column one_first\">\n<div class=\"cmsmasters_column_inner\">\n<div id=\"cmsmasters_divider_g5c5iqge5\" class=\"cmsmasters_divider cmsmasters_divider_width_long cmsmasters_divider_pos_center\"><\/div>\n<\/div><\/div>\n<\/div>\n<\/div>\n<\/div>\n<\/div>\n<\/div>\n<div id=\"cmsmasters_row_26l44r97k\" class=\"cmsmasters_row cmsmasters_color_scheme_default cmsmasters_row_top_default cmsmasters_row_bot_default cmsmasters_row_boxed\">\n<div class=\"cmsmasters_row_outer_parent\">\n<div class=\"cmsmasters_row_outer\">\n<div class=\"cmsmasters_row_inner\">\n<div class=\"cmsmasters_row_margin\">\n<div id=\"cmsmasters_column_q7ydy2arfw\" class=\"cmsmasters_column one_fourth\">\n<div class=\"cmsmasters_column_inner\"><div id=\"cmsmasters_heading_mezr0watzt\" class=\"cmsmasters_heading_wrap cmsmasters_heading_align_left\">\n\t<h2 class=\"cmsmasters_heading\">1988<\/h2>\n<\/div>\n<\/div><\/div>\n<div id=\"cmsmasters_column_09tvaqrfl\" class=\"cmsmasters_column three_fourth\">\n<div class=\"cmsmasters_column_inner\"><div class=\"cmsmasters_text\">\n<p>In 1988, Salahiddin and Fariz Nas took over the management and renewed its name to Nas Ticaret. In addition they started selling a variety of cereals, the product range and customer base have been expanded with biscuits, chocolates, oils, cleansings, cosmetics, Soaps and\u00a0 paper group products.<\/p>\n<\/div>\n<\/div><\/div>\n<\/div>\n<\/div>\n<\/div>\n<\/div>\n<\/div>\n<div id=\"cmsmasters_row_t3ncfqpiih\" class=\"cmsmasters_row cmsmasters_color_scheme_default cmsmasters_row_top_default cmsmasters_row_bot_default cmsmasters_row_boxed\">\n<div class=\"cmsmasters_row_outer_parent\">\n<div class=\"cmsmasters_row_outer\">\n<div class=\"cmsmasters_row_inner\">\n<div class=\"cmsmasters_row_margin\">\n<div id=\"cmsmasters_column_h5uiwgrzse\" class=\"cmsmasters_column one_first\">\n<div class=\"cmsmasters_column_inner\">\n<div id=\"cmsmasters_divider_jhupa5wzua\" class=\"cmsmasters_divider cmsmasters_divider_width_long cmsmasters_divider_pos_center\"><\/div>\n<\/div><\/div>\n<\/div>\n<\/div>\n<\/div>\n<\/div>\n<\/div>\n<div id=\"cmsmasters_row_t3fuj41e5n\" class=\"cmsmasters_row cmsmasters_color_scheme_default cmsmasters_row_top_default cmsmasters_row_bot_default cmsmasters_row_boxed\">\n<div class=\"cmsmasters_row_outer_parent\">\n<div class=\"cmsmasters_row_outer\">\n<div class=\"cmsmasters_row_inner\">\n<div class=\"cmsmasters_row_margin\">\n<div id=\"cmsmasters_column_7twhss9ack\" class=\"cmsmasters_column one_fourth\">\n<div class=\"cmsmasters_column_inner\"><div id=\"cmsmasters_heading_yz6o8gaui\" class=\"cmsmasters_heading_wrap cmsmasters_heading_align_left\">\n\t<h2 class=\"cmsmasters_heading\">1990<\/h2>\n<\/div>\n<\/div><\/div>\n<div id=\"cmsmasters_column_c0ju9hnpp7\" class=\"cmsmasters_column three_fourth\">\n<div class=\"cmsmasters_column_inner\"><div class=\"cmsmasters_text\">\n<p>With the breakouts from the second ensemble from 1990, Salahiddin and Fariz NAS in partnership with NAS Gida &amp; Ihtiyac Mad. Paz. LTD continued to be traded in this period and strengthened its number of personnel and distribution network.<\/p>\n<\/div>\n<\/div><\/div>\n<\/div>\n<\/div>\n<\/div>\n<\/div>\n<\/div>\n<div id=\"cmsmasters_row_7yuqhz5x8h\" class=\"cmsmasters_row cmsmasters_color_scheme_default cmsmasters_row_top_default cmsmasters_row_bot_default cmsmasters_row_boxed\">\n<div class=\"cmsmasters_row_outer_parent\">\n<div class=\"cmsmasters_row_outer\">\n<div class=\"cmsmasters_row_inner\">\n<div class=\"cmsmasters_row_margin\">\n<div id=\"cmsmasters_column_8bry3wp3c\" class=\"cmsmasters_column one_first\">\n<div class=\"cmsmasters_column_inner\">\n<div id=\"cmsmasters_divider_h5cgygwsag\" class=\"cmsmasters_divider cmsmasters_divider_width_long cmsmasters_divider_pos_center\"><\/div>\n<\/div><\/div>\n<\/div>\n<\/div>\n<\/div>\n<\/div>\n<\/div>\n<div id=\"cmsmasters_row_cyvc1tkd58\" class=\"cmsmasters_row cmsmasters_color_scheme_default cmsmasters_row_top_default cmsmasters_row_bot_default cmsmasters_row_boxed\">\n<div class=\"cmsmasters_row_outer_parent\">\n<div class=\"cmsmasters_row_outer\">\n<div class=\"cmsmasters_row_inner\">\n<div class=\"cmsmasters_row_margin\">\n<div id=\"cmsmasters_column_rn3cofrgn\" class=\"cmsmasters_column one_fourth\">\n<div class=\"cmsmasters_column_inner\"><div id=\"cmsmasters_heading_nb47grxa12\" class=\"cmsmasters_heading_wrap cmsmasters_heading_align_left\">\n\t<h2 class=\"cmsmasters_heading\">1999<\/h2>\n<\/div>\n<\/div><\/div>\n<div id=\"cmsmasters_column_nj88e6y9ec\" class=\"cmsmasters_column three_fourth\">\n<div class=\"cmsmasters_column_inner\"><div class=\"cmsmasters_text\">\n<p>The increasing dealerships in 1999 made it compulsory for these products to compete with one another and the rapidly growing business volume made it mandatory to establish a second company and in August 1999 the second company was SEFA NAS Distribution and Marketing Company Limited Was established.<\/p>\n<p>SEFA NAS Distribution and Marketing Company Limited. Has continued to establish a new warehouse on the Iskenderun-Antakya highway by developing its storage and distribution units to provide the fastest service to its business partners. 175 m2 of cold air storage, 2.500 m2 of closed warehouse area and 500 m2 of administrative building were built on 12.000m2 land. Sefa-Nas distribution soon became the largest sales and Distribution Company in the provinces and districts of Hatay<\/p>\n<\/div>\n<\/div><\/div>\n<\/div>\n<\/div>\n<\/div>\n<\/div>\n<\/div>\n<div id=\"cmsmasters_row_ky5f12b2hs\" class=\"cmsmasters_row cmsmasters_color_scheme_default cmsmasters_row_top_default cmsmasters_row_bot_default cmsmasters_row_boxed\">\n<div class=\"cmsmasters_row_outer_parent\">\n<div class=\"cmsmasters_row_outer\">\n<div class=\"cmsmasters_row_inner\">\n<div class=\"cmsmasters_row_margin\">\n<div id=\"cmsmasters_column_x9q972ezb6\" class=\"cmsmasters_column one_first\">\n<div class=\"cmsmasters_column_inner\">\n<div id=\"cmsmasters_divider_9sdfojqtw6\" class=\"cmsmasters_divider cmsmasters_divider_width_long cmsmasters_divider_pos_center\"><\/div>\n<\/div><\/div>\n<\/div>\n<\/div>\n<\/div>\n<\/div>\n<\/div>\n<div id=\"cmsmasters_row_urg9dzwao\" class=\"cmsmasters_row cmsmasters_color_scheme_default cmsmasters_row_top_default cmsmasters_row_bot_default cmsmasters_row_boxed\">\n<div class=\"cmsmasters_row_outer_parent\">\n<div class=\"cmsmasters_row_outer\">\n<div class=\"cmsmasters_row_inner\">\n<div class=\"cmsmasters_row_margin\">\n<div id=\"cmsmasters_column_9me2hpeug\" class=\"cmsmasters_column one_fourth\">\n<div class=\"cmsmasters_column_inner\"><div id=\"cmsmasters_heading_kiqm8t6myg\" class=\"cmsmasters_heading_wrap cmsmasters_heading_align_left\">\n\t<h2 class=\"cmsmasters_heading\">2000<\/h2>\n<\/div>\n<\/div><\/div>\n<div id=\"cmsmasters_column_5bmrdeye9\" class=\"cmsmasters_column three_fourth\">\n<div class=\"cmsmasters_column_inner\"><div class=\"cmsmasters_text\">\n<p>SEFA NAS Da\u011f\u0131t\u0131m ve Pazarlama Ltd.\u015eti. increased its potential in 2000 and added Adana and Mersin to its distribution network and decided to continue its activities in the province of Adana. Salahiddin NAS started to distribute in the provinces of Adana, Mersin, Osmaniye, Hatay and provinces with its developing organizational structure and continued the institutionalization studies by passing Fariz Nas to the management of the company in Iskenderun.<\/p>\n<\/div>\n<\/div><\/div>\n<\/div>\n<\/div>\n<\/div>\n<\/div>\n<\/div>\n<div id=\"cmsmasters_row_99jghy921\" class=\"cmsmasters_row cmsmasters_color_scheme_default cmsmasters_row_top_default cmsmasters_row_bot_default cmsmasters_row_boxed\">\n<div class=\"cmsmasters_row_outer_parent\">\n<div class=\"cmsmasters_row_outer\">\n<div class=\"cmsmasters_row_inner\">\n<div class=\"cmsmasters_row_margin\">\n<div id=\"cmsmasters_column_pbs89hzb9r\" class=\"cmsmasters_column one_first\">\n<div class=\"cmsmasters_column_inner\">\n<div id=\"cmsmasters_divider_pcffh56jol\" class=\"cmsmasters_divider cmsmasters_divider_width_long cmsmasters_divider_pos_center\"><\/div>\n<\/div><\/div>\n<\/div>\n<\/div>\n<\/div>\n<\/div>\n<\/div>\n<div id=\"cmsmasters_row_7f6lhoism\" class=\"cmsmasters_row cmsmasters_color_scheme_default cmsmasters_row_top_default cmsmasters_row_bot_default cmsmasters_row_boxed\">\n<div class=\"cmsmasters_row_outer_parent\">\n<div class=\"cmsmasters_row_outer\">\n<div class=\"cmsmasters_row_inner\">\n<div class=\"cmsmasters_row_margin\">\n<div id=\"cmsmasters_column_f35qceej1c\" class=\"cmsmasters_column one_fourth\">\n<div class=\"cmsmasters_column_inner\"><div id=\"cmsmasters_heading_j7elmgc52l\" class=\"cmsmasters_heading_wrap cmsmasters_heading_align_left\">\n\t<h2 class=\"cmsmasters_heading\">2006<\/h2>\n<\/div>\n<\/div><\/div>\n<div id=\"cmsmasters_column_44qjxmpdlp\" class=\"cmsmasters_column three_fourth\">\n<div class=\"cmsmasters_column_inner\"><div class=\"cmsmasters_text\">\n<p>In the middle of 2006; has acquired a new building that will provide excellent customer satisfaction that will expand it potential. The complex consisting of three warehouses and four store administrative units with a closed area of 18.874 m2 within the city center has been started to be renovated and arranged according to the institutional structure.<\/p>\n<\/div>\n<\/div><\/div>\n<\/div>\n<\/div>\n<\/div>\n<\/div>\n<\/div>\n<div id=\"cmsmasters_row_g1ijgmjgs\" class=\"cmsmasters_row cmsmasters_color_scheme_default cmsmasters_row_top_default cmsmasters_row_bot_default cmsmasters_row_boxed\">\n<div class=\"cmsmasters_row_outer_parent\">\n<div class=\"cmsmasters_row_outer\">\n<div class=\"cmsmasters_row_inner\">\n<div class=\"cmsmasters_row_margin\">\n<div id=\"cmsmasters_column_8fe21qu7i\" class=\"cmsmasters_column one_first\">\n<div class=\"cmsmasters_column_inner\">\n<div id=\"cmsmasters_divider_mal8cs6tr\" class=\"cmsmasters_divider cmsmasters_divider_width_long cmsmasters_divider_pos_center\"><\/div>\n<\/div><\/div>\n<\/div>\n<\/div>\n<\/div>\n<\/div>\n<\/div>\n<div id=\"cmsmasters_row_h0nrps5rs7\" class=\"cmsmasters_row cmsmasters_color_scheme_default cmsmasters_row_top_default cmsmasters_row_bot_default cmsmasters_row_boxed\">\n<div class=\"cmsmasters_row_outer_parent\">\n<div class=\"cmsmasters_row_outer\">\n<div class=\"cmsmasters_row_inner\">\n<div class=\"cmsmasters_row_margin\">\n<div id=\"cmsmasters_column_c57sdo8u6r\" class=\"cmsmasters_column one_fourth\">\n<div class=\"cmsmasters_column_inner\"><div id=\"cmsmasters_heading_v2uknfhme\" class=\"cmsmasters_heading_wrap cmsmasters_heading_align_left\">\n\t<h2 class=\"cmsmasters_heading\">2007<\/h2>\n<\/div>\n<\/div><\/div>\n<div id=\"cmsmasters_column_ti1i85n3i\" class=\"cmsmasters_column three_fourth\">\n<div class=\"cmsmasters_column_inner\"><div class=\"cmsmasters_text\">\n<p>Since 2007, the growing staff has continued to provide the fastest and strongest service to its customers with its renewed technology. SEFA NAS Distribution and Marketing Company Limited is a company that also owns. SEFA NAS distribution marketing; the extensive dealer portfolio in its distribution complex is a contemporary and innovative company that distributes more than 3,200 customers with more than 5,000product types, professional sales staff and large distribution fleet.<\/p>\n<\/div>\n<\/div><\/div>\n<\/div>\n<\/div>\n<\/div>\n<\/div>\n<\/div>\n<div id=\"cmsmasters_row_ved9gjg3n\" class=\"cmsmasters_row cmsmasters_color_scheme_default cmsmasters_row_top_default cmsmasters_row_bot_default cmsmasters_row_boxed\">\n<div class=\"cmsmasters_row_outer_parent\">\n<div class=\"cmsmasters_row_outer\">\n<div class=\"cmsmasters_row_inner\">\n<div class=\"cmsmasters_row_margin\">\n<div id=\"cmsmasters_column_pjc8q9p1xx\" class=\"cmsmasters_column one_first\">\n<div class=\"cmsmasters_column_inner\">\n<div id=\"cmsmasters_divider_rkkk0in1fw\" class=\"cmsmasters_divider cmsmasters_divider_width_long cmsmasters_divider_pos_center\"><\/div>\n<\/div><\/div>\n<\/div>\n<\/div>\n<\/div>\n<\/div>\n<\/div>\n<div id=\"cmsmasters_row_lexixlxqam\" class=\"cmsmasters_row cmsmasters_color_scheme_default cmsmasters_row_top_default cmsmasters_row_bot_default cmsmasters_row_boxed\">\n<div class=\"cmsmasters_row_outer_parent\">\n<div class=\"cmsmasters_row_outer\">\n<div class=\"cmsmasters_row_inner\">\n<div class=\"cmsmasters_row_margin\">\n<div id=\"cmsmasters_column_xvti74rbls\" class=\"cmsmasters_column one_fourth\">\n<div class=\"cmsmasters_column_inner\"><div id=\"cmsmasters_heading_7nqwe1unqa\" class=\"cmsmasters_heading_wrap cmsmasters_heading_align_left\">\n\t<h2 class=\"cmsmasters_heading\">2008<\/h2>\n<\/div>\n<\/div><\/div>\n<div id=\"cmsmasters_column_3vzuklxfh\" class=\"cmsmasters_column three_fourth\">\n<div class=\"cmsmasters_column_inner\"><div class=\"cmsmasters_text\">\n<p>Kilikya \u015ealgam\u00a0 with the establishment of factory and start production in 2008 to Turkey and serves the production of turnip sent to the world.<\/p>\n<\/div>\n<\/div><\/div>\n<\/div>\n<\/div>\n<\/div>\n<\/div>\n<\/div>\n<div id=\"cmsmasters_row_n10jfs2h3\" class=\"cmsmasters_row cmsmasters_color_scheme_default cmsmasters_row_top_default cmsmasters_row_bot_default cmsmasters_row_boxed\">\n<div class=\"cmsmasters_row_outer_parent\">\n<div class=\"cmsmasters_row_outer\">\n<div class=\"cmsmasters_row_inner\">\n<div class=\"cmsmasters_row_margin\">\n<div id=\"cmsmasters_column_52uxiglh4\" class=\"cmsmasters_column one_first\">\n<div class=\"cmsmasters_column_inner\">\n<div id=\"cmsmasters_divider_qoutsq5vg8\" class=\"cmsmasters_divider cmsmasters_divider_width_long cmsmasters_divider_pos_center\"><\/div>\n<\/div><\/div>\n<\/div>\n<\/div>\n<\/div>\n<\/div>\n<\/div>\n<div id=\"cmsmasters_row_hako20vwl\" class=\"cmsmasters_row cmsmasters_color_scheme_default cmsmasters_row_top_default cmsmasters_row_bot_default cmsmasters_row_boxed\">\n<div class=\"cmsmasters_row_outer_parent\">\n<div class=\"cmsmasters_row_outer\">\n<div class=\"cmsmasters_row_inner\">\n<div class=\"cmsmasters_row_margin\">\n<div id=\"cmsmasters_column_sbq7ija5oi\" class=\"cmsmasters_column one_fourth\">\n<div class=\"cmsmasters_column_inner\"><div id=\"cmsmasters_heading_kax05vvynb\" class=\"cmsmasters_heading_wrap cmsmasters_heading_align_left\">\n\t<h2 class=\"cmsmasters_heading\">2018<\/h2>\n<\/div>\n<\/div><\/div>\n<div id=\"cmsmasters_column_0nzak2ztzl\" class=\"cmsmasters_column three_fourth\">\n<div class=\"cmsmasters_column_inner\"><div class=\"cmsmasters_text\">\n<p>In 2018, \u201cKilikya \u015ealgam continues to serve its customers with new visions through restructuring process and corporate identity studies.<\/p>\n<\/div>\n<\/div><\/div>\n<\/div>\n<\/div>\n<\/div>\n<\/div>\n<\/div>\n\n","protected":false},"excerpt":{"rendered":"","protected":false},"author":2,"featured_media":0,"parent":0,"menu_order":0,"comment_status":"closed","ping_status":"open","template":"","meta":{"footnotes":""},"aioseo_notices":[],"_links":{"self":[{"href":"https:\/\/kilikya.com.tr\/en\/wp-json\/wp\/v2\/pages\/15567"}],"collection":[{"href":"https:\/\/kilikya.com.tr\/en\/wp-json\/wp\/v2\/pages"}],"about":[{"href":"https:\/\/kilikya.com.tr\/en\/wp-json\/wp\/v2\/types\/page"}],"author":[{"embeddable":true,"href":"https:\/\/kilikya.com.tr\/en\/wp-json\/wp\/v2\/users\/2"}],"replies":[{"embeddable":true,"href":"https:\/\/kilikya.com.tr\/en\/wp-json\/wp\/v2\/comments?post=15567"}],"version-history":[{"count":0,"href":"https:\/\/kilikya.com.tr\/en\/wp-json\/wp\/v2\/pages\/15567\/revisions"}],"wp:attachment":[{"href":"https:\/\/kilikya.com.tr\/en\/wp-json\/wp\/v2\/media?parent=15567"}],"curies":[{"name":"wp","href":"https:\/\/api.w.org\/{rel}","templated":true}]}}