{"id":15561,"date":"2015-04-16T09:25:17","date_gmt":"2015-04-16T09:25:17","guid":{"rendered":"https:\/\/kilikya.com.tr\/hakkimizda\/"},"modified":"2019-04-10T14:43:43","modified_gmt":"2019-04-10T11:43:43","slug":"about-us","status":"publish","type":"page","link":"https:\/\/kilikya.com.tr\/en\/about-us\/","title":{"rendered":"About Us"},"content":{"rendered":"<div id=\"cmsmasters_row_1c122be950\" class=\"cmsmasters_row cmsmasters_color_scheme_default cmsmasters_row_top_default cmsmasters_row_bot_default cmsmasters_row_boxed\">\n<div class=\"cmsmasters_row_outer_parent\">\n<div class=\"cmsmasters_row_outer\">\n<div class=\"cmsmasters_row_inner\">\n<div class=\"cmsmasters_row_margin\">\n<div id=\"cmsmasters_column_\" class=\"cmsmasters_column one_first\">\n<div class=\"cmsmasters_column_inner\"><div id=\"cmsmasters_fb_b6aba4108a\" class=\"cmsmasters_featured_block\">\n<div class=\"featured_block_inner\">\n<div class=\"featured_block_text\">\n<h2 class=\"edgtf-st-title\"><span style=\"color: #ffffff;\">K\u0130L\u0130KYA \u015eALGAM<\/span><\/h2>\n<p id=\"cmsms_heading_5757ce4780801\" class=\"cmsms_heading\"><span style=\"color: #ffffff; font-family: Arial, Helvetica, 'Nimbus Sans L', sans-serif; font-size: 13px; line-height: 20px;\">Our commercial activities were initiated by Mehmet Nas in 1957.Since 2006, R&amp;D (Research and development) work has started with the investment of ten million dollars and started to work on the turnip plant (Fermented Carrot Juice) . Since 2007, it has been operating in the factory located in Adana Organize Industrial Zone with a production capacity of 3 million liters per month on 16.000 m2 open area and 7.500 m2 closed area.<\/span><\/p>\n<p id=\"cmsms_heading_5757ce4780801\" class=\"cmsms_heading\"><span style=\"color: #ffffff; font-family: Arial, Helvetica, 'Nimbus Sans L', sans-serif; font-size: 13px; line-height: 20px;\">In addition to the leadership in the production of turnips, sauce and beverage industry, one of the leading manufacturers of (Kilikya \u015ealgam ) Turnip production capacity, with plants and export potential are among the major companies in Turkey.<\/span><\/p>\n\n<\/div>\n<\/div>\n<\/div>\n<\/div><\/div>\n<\/div>\n<\/div>\n<\/div>\n<\/div>\n<\/div>\n<div id=\"cmsmasters_row_5c15acc058\" class=\"cmsmasters_row cmsmasters_color_scheme_default cmsmasters_row_top_default cmsmasters_row_bot_default cmsmasters_row_boxed\">\n<div class=\"cmsmasters_row_outer_parent\">\n<div class=\"cmsmasters_row_outer\">\n<div class=\"cmsmasters_row_inner\">\n<div class=\"cmsmasters_row_margin\">\n<div id=\"cmsmasters_column_\" class=\"cmsmasters_column one_first\">\n<div class=\"cmsmasters_column_inner\">\n<div id=\"cmsmasters_divider_5935f963d0\" class=\"cmsmasters_divider cmsmasters_divider_width_long cmsmasters_divider_pos_center\"><\/div>\n<\/div><\/div>\n<\/div>\n<\/div>\n<\/div>\n<\/div>\n<\/div>\n<div id=\"cmsmasters_row_7882d7cb4c\" class=\"cmsmasters_row cmsmasters_color_scheme_default cmsmasters_row_top_default cmsmasters_row_bot_default cmsmasters_row_boxed\">\n<div class=\"cmsmasters_row_outer_parent\">\n<div class=\"cmsmasters_row_outer\">\n<div class=\"cmsmasters_row_inner\">\n<div class=\"cmsmasters_row_margin\">\n<div id=\"cmsmasters_column_\" class=\"cmsmasters_column one_third\">\n<div class=\"cmsmasters_column_inner\"><div id=\"cmsmasters_fb_058e967593\" class=\"cmsmasters_featured_block\">\n<div class=\"featured_block_inner\">\n<div class=\"featured_block_text\">\n<h3 class=\"edgtf-iwt-title\">36 million liters annual production capacity<\/h3>\n<p>Annual production capacity of 36 million liters of having Turnip of (Kilikya \u015ealgam ) in Turkey with the Turkey market by providing extensive distribution network of 9 regional Directorate to 95% serve in the service. It exports to more than 30 world countries such as Europe, America, Russia and some Far East countries.<\/p>\n\n<\/div>\n<\/div>\n<\/div>\n<\/div><\/div>\n<div id=\"cmsmasters_column_\" class=\"cmsmasters_column one_third\">\n<div class=\"cmsmasters_column_inner\"><div id=\"cmsmasters_fb_458dec9fbf\" class=\"cmsmasters_featured_block\">\n<div class=\"featured_block_inner\">\n<div class=\"featured_block_text\">\n<h3 class=\"edgtf-iwt-title\">Healthy Taste<\/h3>\n<p>Kilikya \u015ealgam producing also Organic Turnip juice, Lemon Sauce, Grape vinegar, Apple vinegar, Balsamic Vinegar, Pomegranate vinegar, White Vinegar, 100% Natural Pomegranate Sour, Pomegranate Sauce, hot Sauce, Special Turnip juice, Vinegar Sauce, Soy Sauce. It continues to develop its product portfolio with comprehensive R &amp; D studies and innovative product approaches.<\/p>\n\n<\/div>\n<\/div>\n<\/div>\n<\/div><\/div>\n<div id=\"cmsmasters_column_\" class=\"cmsmasters_column one_third\">\n<div class=\"cmsmasters_column_inner\"><div id=\"cmsmasters_fb_c3b6f9a55b\" class=\"cmsmasters_featured_block\">\n<div class=\"featured_block_inner\">\n<div class=\"featured_block_text\">\n<h3 class=\"edgtf-iwt-title\">Habit Creating Taste<\/h3>\n<p>Kilikya \u015ealgam that continues works in line with high quality standards, customer satisfaction, leadership position in the market, innovative perspective, technological infrastructure, R &amp; D investment with Turkey and the high-quality and safe products while the world continues to create an indispensable beverage habit of turnips.<\/p>\n\n<\/div>\n<\/div>\n<\/div>\n<\/div><\/div>\n<\/div>\n<\/div>\n<\/div>\n<\/div>\n<\/div>\n<div id=\"cmsmasters_row_5u9am4x7sp\" class=\"cmsmasters_row cmsmasters_color_scheme_default cmsmasters_row_top_default cmsmasters_row_bot_default cmsmasters_row_boxed\">\n<div class=\"cmsmasters_row_outer_parent\">\n<div class=\"cmsmasters_row_outer\">\n<div class=\"cmsmasters_row_inner\">\n<div class=\"cmsmasters_row_margin\">\n<div id=\"cmsmasters_column_x5hibbrl1c\" class=\"cmsmasters_column one_first\">\n<div class=\"cmsmasters_column_inner\">\n<div id=\"cmsmasters_divider_eja8iq2jze\" class=\"cmsmasters_divider cmsmasters_divider_width_long cmsmasters_divider_pos_center\"><\/div>\n<div id=\"cmsmasters_gallery_uau5pjnhrm\" class=\"cmsmasters_gallery_wrap\" data-type=\"grid\" data-count=\"0\" data-animation=\"fadeIn\" data-delay=\"0\"><ul class=\"cmsmasters_gallery cmsmasters_4 cmsmasters_more_items_loader\"><li class=\"cmsmasters_gallery_item\"><figure><a href=\"https:\/\/kilikya.com.tr\/wp-content\/uploads\/2018\/07\/kilikya-tesis-08.jpg\" rel=\"ilightbox[uau5pjnhrm]\"><img loading=\"lazy\" decoding=\"async\" width=\"1920\" height=\"1280\" src=\"https:\/\/kilikya.com.tr\/wp-content\/uploads\/2018\/07\/kilikya-tesis-08.jpg\" class=\"attachment-full size-full\" alt=\"\" srcset=\"https:\/\/kilikya.com.tr\/wp-content\/uploads\/2018\/07\/kilikya-tesis-08.jpg 1920w, https:\/\/kilikya.com.tr\/wp-content\/uploads\/2018\/07\/kilikya-tesis-08-500x333.jpg 500w, https:\/\/kilikya.com.tr\/wp-content\/uploads\/2018\/07\/kilikya-tesis-08-768x512.jpg 768w, https:\/\/kilikya.com.tr\/wp-content\/uploads\/2018\/07\/kilikya-tesis-08-1024x683.jpg 1024w, https:\/\/kilikya.com.tr\/wp-content\/uploads\/2018\/07\/kilikya-tesis-08-580x387.jpg 580w, https:\/\/kilikya.com.tr\/wp-content\/uploads\/2018\/07\/kilikya-tesis-08-860x573.jpg 860w, https:\/\/kilikya.com.tr\/wp-content\/uploads\/2018\/07\/kilikya-tesis-08-1160x773.jpg 1160w, https:\/\/kilikya.com.tr\/wp-content\/uploads\/2018\/07\/kilikya-tesis-08-300x200.jpg 300w\" sizes=\"(max-width: 1920px) 100vw, 1920px\" \/><\/a><\/figure><\/li><li class=\"cmsmasters_gallery_item\"><figure><a href=\"https:\/\/kilikya.com.tr\/wp-content\/uploads\/2018\/07\/kilikya-tesis-07.jpg\" rel=\"ilightbox[uau5pjnhrm]\"><img loading=\"lazy\" decoding=\"async\" width=\"1920\" height=\"1280\" src=\"https:\/\/kilikya.com.tr\/wp-content\/uploads\/2018\/07\/kilikya-tesis-07.jpg\" class=\"attachment-full size-full\" alt=\"\" srcset=\"https:\/\/kilikya.com.tr\/wp-content\/uploads\/2018\/07\/kilikya-tesis-07.jpg 1920w, https:\/\/kilikya.com.tr\/wp-content\/uploads\/2018\/07\/kilikya-tesis-07-500x333.jpg 500w, https:\/\/kilikya.com.tr\/wp-content\/uploads\/2018\/07\/kilikya-tesis-07-768x512.jpg 768w, https:\/\/kilikya.com.tr\/wp-content\/uploads\/2018\/07\/kilikya-tesis-07-1024x683.jpg 1024w, https:\/\/kilikya.com.tr\/wp-content\/uploads\/2018\/07\/kilikya-tesis-07-580x387.jpg 580w, https:\/\/kilikya.com.tr\/wp-content\/uploads\/2018\/07\/kilikya-tesis-07-860x573.jpg 860w, https:\/\/kilikya.com.tr\/wp-content\/uploads\/2018\/07\/kilikya-tesis-07-1160x773.jpg 1160w, https:\/\/kilikya.com.tr\/wp-content\/uploads\/2018\/07\/kilikya-tesis-07-300x200.jpg 300w\" sizes=\"(max-width: 1920px) 100vw, 1920px\" \/><\/a><\/figure><\/li><li class=\"cmsmasters_gallery_item\"><figure><a href=\"https:\/\/kilikya.com.tr\/wp-content\/uploads\/2018\/07\/kilikya-tesis-06.jpg\" rel=\"ilightbox[uau5pjnhrm]\"><img loading=\"lazy\" decoding=\"async\" width=\"1920\" height=\"1280\" src=\"https:\/\/kilikya.com.tr\/wp-content\/uploads\/2018\/07\/kilikya-tesis-06.jpg\" class=\"attachment-full size-full\" alt=\"\" srcset=\"https:\/\/kilikya.com.tr\/wp-content\/uploads\/2018\/07\/kilikya-tesis-06.jpg 1920w, https:\/\/kilikya.com.tr\/wp-content\/uploads\/2018\/07\/kilikya-tesis-06-500x333.jpg 500w, https:\/\/kilikya.com.tr\/wp-content\/uploads\/2018\/07\/kilikya-tesis-06-768x512.jpg 768w, https:\/\/kilikya.com.tr\/wp-content\/uploads\/2018\/07\/kilikya-tesis-06-1024x683.jpg 1024w, https:\/\/kilikya.com.tr\/wp-content\/uploads\/2018\/07\/kilikya-tesis-06-580x387.jpg 580w, https:\/\/kilikya.com.tr\/wp-content\/uploads\/2018\/07\/kilikya-tesis-06-860x573.jpg 860w, https:\/\/kilikya.com.tr\/wp-content\/uploads\/2018\/07\/kilikya-tesis-06-1160x773.jpg 1160w, https:\/\/kilikya.com.tr\/wp-content\/uploads\/2018\/07\/kilikya-tesis-06-300x200.jpg 300w\" sizes=\"(max-width: 1920px) 100vw, 1920px\" \/><\/a><\/figure><\/li><li class=\"cmsmasters_gallery_item\"><figure><a href=\"https:\/\/kilikya.com.tr\/wp-content\/uploads\/2018\/07\/kilikya-tesis-05.jpg\" rel=\"ilightbox[uau5pjnhrm]\"><img loading=\"lazy\" decoding=\"async\" width=\"1920\" height=\"1280\" src=\"https:\/\/kilikya.com.tr\/wp-content\/uploads\/2018\/07\/kilikya-tesis-05.jpg\" class=\"attachment-full size-full\" alt=\"\" srcset=\"https:\/\/kilikya.com.tr\/wp-content\/uploads\/2018\/07\/kilikya-tesis-05.jpg 1920w, https:\/\/kilikya.com.tr\/wp-content\/uploads\/2018\/07\/kilikya-tesis-05-500x333.jpg 500w, https:\/\/kilikya.com.tr\/wp-content\/uploads\/2018\/07\/kilikya-tesis-05-768x512.jpg 768w, https:\/\/kilikya.com.tr\/wp-content\/uploads\/2018\/07\/kilikya-tesis-05-1024x683.jpg 1024w, https:\/\/kilikya.com.tr\/wp-content\/uploads\/2018\/07\/kilikya-tesis-05-580x387.jpg 580w, https:\/\/kilikya.com.tr\/wp-content\/uploads\/2018\/07\/kilikya-tesis-05-860x573.jpg 860w, https:\/\/kilikya.com.tr\/wp-content\/uploads\/2018\/07\/kilikya-tesis-05-1160x773.jpg 1160w, https:\/\/kilikya.com.tr\/wp-content\/uploads\/2018\/07\/kilikya-tesis-05-300x200.jpg 300w\" sizes=\"(max-width: 1920px) 100vw, 1920px\" \/><\/a><\/figure><\/li><li class=\"cmsmasters_gallery_item\"><figure><a href=\"https:\/\/kilikya.com.tr\/wp-content\/uploads\/2018\/07\/kilikya-tesis-04.jpg\" rel=\"ilightbox[uau5pjnhrm]\"><img loading=\"lazy\" decoding=\"async\" width=\"1920\" height=\"1280\" src=\"https:\/\/kilikya.com.tr\/wp-content\/uploads\/2018\/07\/kilikya-tesis-04.jpg\" class=\"attachment-full size-full\" alt=\"\" srcset=\"https:\/\/kilikya.com.tr\/wp-content\/uploads\/2018\/07\/kilikya-tesis-04.jpg 1920w, https:\/\/kilikya.com.tr\/wp-content\/uploads\/2018\/07\/kilikya-tesis-04-500x333.jpg 500w, https:\/\/kilikya.com.tr\/wp-content\/uploads\/2018\/07\/kilikya-tesis-04-768x512.jpg 768w, https:\/\/kilikya.com.tr\/wp-content\/uploads\/2018\/07\/kilikya-tesis-04-1024x683.jpg 1024w, https:\/\/kilikya.com.tr\/wp-content\/uploads\/2018\/07\/kilikya-tesis-04-580x387.jpg 580w, https:\/\/kilikya.com.tr\/wp-content\/uploads\/2018\/07\/kilikya-tesis-04-860x573.jpg 860w, https:\/\/kilikya.com.tr\/wp-content\/uploads\/2018\/07\/kilikya-tesis-04-1160x773.jpg 1160w, https:\/\/kilikya.com.tr\/wp-content\/uploads\/2018\/07\/kilikya-tesis-04-300x200.jpg 300w\" sizes=\"(max-width: 1920px) 100vw, 1920px\" \/><\/a><\/figure><\/li><li class=\"cmsmasters_gallery_item\"><figure><a href=\"https:\/\/kilikya.com.tr\/wp-content\/uploads\/2018\/07\/kilikya-tesis-03.jpg\" rel=\"ilightbox[uau5pjnhrm]\"><img loading=\"lazy\" decoding=\"async\" width=\"1920\" height=\"1280\" src=\"https:\/\/kilikya.com.tr\/wp-content\/uploads\/2018\/07\/kilikya-tesis-03.jpg\" class=\"attachment-full size-full\" alt=\"\" srcset=\"https:\/\/kilikya.com.tr\/wp-content\/uploads\/2018\/07\/kilikya-tesis-03.jpg 1920w, https:\/\/kilikya.com.tr\/wp-content\/uploads\/2018\/07\/kilikya-tesis-03-500x333.jpg 500w, https:\/\/kilikya.com.tr\/wp-content\/uploads\/2018\/07\/kilikya-tesis-03-768x512.jpg 768w, https:\/\/kilikya.com.tr\/wp-content\/uploads\/2018\/07\/kilikya-tesis-03-1024x683.jpg 1024w, https:\/\/kilikya.com.tr\/wp-content\/uploads\/2018\/07\/kilikya-tesis-03-580x387.jpg 580w, https:\/\/kilikya.com.tr\/wp-content\/uploads\/2018\/07\/kilikya-tesis-03-860x573.jpg 860w, https:\/\/kilikya.com.tr\/wp-content\/uploads\/2018\/07\/kilikya-tesis-03-1160x773.jpg 1160w, https:\/\/kilikya.com.tr\/wp-content\/uploads\/2018\/07\/kilikya-tesis-03-300x200.jpg 300w\" sizes=\"(max-width: 1920px) 100vw, 1920px\" \/><\/a><\/figure><\/li><li class=\"cmsmasters_gallery_item\"><figure><a href=\"https:\/\/kilikya.com.tr\/wp-content\/uploads\/2018\/07\/kilikya-tesis-02.jpg\" rel=\"ilightbox[uau5pjnhrm]\"><img loading=\"lazy\" decoding=\"async\" width=\"1920\" height=\"1280\" src=\"https:\/\/kilikya.com.tr\/wp-content\/uploads\/2018\/07\/kilikya-tesis-02.jpg\" class=\"attachment-full size-full\" alt=\"\" srcset=\"https:\/\/kilikya.com.tr\/wp-content\/uploads\/2018\/07\/kilikya-tesis-02.jpg 1920w, https:\/\/kilikya.com.tr\/wp-content\/uploads\/2018\/07\/kilikya-tesis-02-500x333.jpg 500w, https:\/\/kilikya.com.tr\/wp-content\/uploads\/2018\/07\/kilikya-tesis-02-768x512.jpg 768w, https:\/\/kilikya.com.tr\/wp-content\/uploads\/2018\/07\/kilikya-tesis-02-1024x683.jpg 1024w, https:\/\/kilikya.com.tr\/wp-content\/uploads\/2018\/07\/kilikya-tesis-02-580x387.jpg 580w, https:\/\/kilikya.com.tr\/wp-content\/uploads\/2018\/07\/kilikya-tesis-02-860x573.jpg 860w, https:\/\/kilikya.com.tr\/wp-content\/uploads\/2018\/07\/kilikya-tesis-02-1160x773.jpg 1160w, https:\/\/kilikya.com.tr\/wp-content\/uploads\/2018\/07\/kilikya-tesis-02-300x200.jpg 300w\" sizes=\"(max-width: 1920px) 100vw, 1920px\" \/><\/a><\/figure><\/li><li class=\"cmsmasters_gallery_item\"><figure><a href=\"https:\/\/kilikya.com.tr\/wp-content\/uploads\/2018\/07\/kilikya-tesis-01.jpg\" rel=\"ilightbox[uau5pjnhrm]\"><img loading=\"lazy\" decoding=\"async\" width=\"1920\" height=\"1280\" src=\"https:\/\/kilikya.com.tr\/wp-content\/uploads\/2018\/07\/kilikya-tesis-01.jpg\" class=\"attachment-full size-full\" alt=\"\" srcset=\"https:\/\/kilikya.com.tr\/wp-content\/uploads\/2018\/07\/kilikya-tesis-01.jpg 1920w, https:\/\/kilikya.com.tr\/wp-content\/uploads\/2018\/07\/kilikya-tesis-01-500x333.jpg 500w, https:\/\/kilikya.com.tr\/wp-content\/uploads\/2018\/07\/kilikya-tesis-01-768x512.jpg 768w, https:\/\/kilikya.com.tr\/wp-content\/uploads\/2018\/07\/kilikya-tesis-01-1024x683.jpg 1024w, https:\/\/kilikya.com.tr\/wp-content\/uploads\/2018\/07\/kilikya-tesis-01-580x387.jpg 580w, https:\/\/kilikya.com.tr\/wp-content\/uploads\/2018\/07\/kilikya-tesis-01-860x573.jpg 860w, https:\/\/kilikya.com.tr\/wp-content\/uploads\/2018\/07\/kilikya-tesis-01-1160x773.jpg 1160w, https:\/\/kilikya.com.tr\/wp-content\/uploads\/2018\/07\/kilikya-tesis-01-300x200.jpg 300w\" sizes=\"(max-width: 1920px) 100vw, 1920px\" \/><\/a><\/figure><\/li><\/ul><\/div>\n<div id=\"cmsmasters_divider_7bejm5w9ts\" class=\"cmsmasters_divider cmsmasters_divider_width_long cmsmasters_divider_pos_center\"><\/div>\n<\/div><\/div>\n<\/div>\n<\/div>\n<\/div>\n<\/div>\n<\/div>\n<div id=\"cmsmasters_row_gt9hz3no6o\" class=\"cmsmasters_row cmsmasters_color_scheme_default cmsmasters_row_top_default cmsmasters_row_bot_default cmsmasters_row_boxed\">\n<div class=\"cmsmasters_row_outer_parent\">\n<div class=\"cmsmasters_row_outer\">\n<div class=\"cmsmasters_row_inner\">\n<div class=\"cmsmasters_row_margin\">\n<div id=\"cmsmasters_column_5of3p6jrf2\" class=\"cmsmasters_column one_first\">\n<div class=\"cmsmasters_column_inner\"><div class=\"cmsmasters_text\">\n<p><strong>Kilikya \u015ealgam, it\u2019s the owner of Sefa Nas Distribution and Marketing company Limited. that also Sefa Nas Distribution Marketing; The extensive dealer portfolio in its distribution complex is a contemporary and innovative company that distributes more than 3,200 customers with over 5,000 product types, professional sales staff and large distribution fleet.<\/strong><\/p>\n<\/div>\n<\/div><\/div>\n<\/div>\n<\/div>\n<\/div>\n<\/div>\n<\/div>\n<div id=\"cmsmasters_row_7csy3h2yje\" class=\"cmsmasters_row cmsmasters_color_scheme_default cmsmasters_row_top_default cmsmasters_row_bot_default cmsmasters_row_boxed\">\n<div class=\"cmsmasters_row_outer_parent\">\n<div class=\"cmsmasters_row_outer\">\n<div class=\"cmsmasters_row_inner\">\n<div class=\"cmsmasters_row_margin\">\n<div id=\"cmsmasters_column_kx8cq9wv2\" class=\"cmsmasters_column one_first\">\n<div class=\"cmsmasters_column_inner\">\n<div id=\"cmsmasters_divider_g5c5iqge5\" class=\"cmsmasters_divider cmsmasters_divider_width_long cmsmasters_divider_pos_center\"><\/div>\n<\/div><\/div>\n<\/div>\n<\/div>\n<\/div>\n<\/div>\n<\/div>\n<div id=\"cmsmasters_row_njfxzevcm7\" class=\"cmsmasters_row cmsmasters_color_scheme_default cmsmasters_row_top_default cmsmasters_row_bot_default cmsmasters_row_boxed\">\n<div class=\"cmsmasters_row_outer_parent\">\n<div class=\"cmsmasters_row_outer\">\n<div class=\"cmsmasters_row_inner\">\n<div class=\"cmsmasters_row_margin\">\n<div id=\"cmsmasters_column_0nl4apxzvq\" class=\"cmsmasters_column one_first\">\n<div class=\"cmsmasters_column_inner\"><p><\/p>\n<\/div><\/div>\n<\/div>\n<\/div>\n<\/div>\n<\/div>\n<\/div>\n\n","protected":false},"excerpt":{"rendered":"","protected":false},"author":2,"featured_media":0,"parent":0,"menu_order":0,"comment_status":"closed","ping_status":"open","template":"","meta":{"footnotes":""},"aioseo_notices":[],"_links":{"self":[{"href":"https:\/\/kilikya.com.tr\/en\/wp-json\/wp\/v2\/pages\/15561"}],"collection":[{"href":"https:\/\/kilikya.com.tr\/en\/wp-json\/wp\/v2\/pages"}],"about":[{"href":"https:\/\/kilikya.com.tr\/en\/wp-json\/wp\/v2\/types\/page"}],"author":[{"embeddable":true,"href":"https:\/\/kilikya.com.tr\/en\/wp-json\/wp\/v2\/users\/2"}],"replies":[{"embeddable":true,"href":"https:\/\/kilikya.com.tr\/en\/wp-json\/wp\/v2\/comments?post=15561"}],"version-history":[{"count":0,"href":"https:\/\/kilikya.com.tr\/en\/wp-json\/wp\/v2\/pages\/15561\/revisions"}],"wp:attachment":[{"href":"https:\/\/kilikya.com.tr\/en\/wp-json\/wp\/v2\/media?parent=15561"}],"curies":[{"name":"wp","href":"https:\/\/api.w.org\/{rel}","templated":true}]}}